{"id":1873,"date":"2015-08-23T17:32:22","date_gmt":"2015-08-23T17:32:22","guid":{"rendered":"http:\/\/hotelcentral.sayber.com\/bs\/membership\/"},"modified":"2022-01-09T16:16:17","modified_gmt":"2022-01-09T16:16:17","slug":"membership","status":"publish","type":"page","link":"https:\/\/www.hotelcentral.ba\/bs\/westwood-club-spa\/membership\/","title":{"rendered":"\u010clanstvo"},"content":{"rendered":"<div class=\"fusion-fullwidth fullwidth-box fusion-builder-row-1 hundred-percent-fullwidth non-hundred-percent-height-scrolling\" style=\"background-color: rgba(255,255,255,0);background-position: center center;background-repeat: no-repeat;padding-top:0px;padding-right:0px;padding-bottom:0px;padding-left:0px;margin-bottom: 0px;margin-top: 0px;border-width: 0px 0px 0px 0px;border-color:#eae9e9;border-style:solid;\" ><div class=\"fusion-builder-row fusion-row\"><div class=\"fusion-layout-column fusion_builder_column fusion-builder-column-0 fusion_builder_column_1_1 1_1 fusion-one-full fusion-column-first fusion-column-last fusion-column-no-min-height\" style=\"margin-top:0px;margin-bottom:0px;\"><div class=\"fusion-column-wrapper fusion-flex-column-wrapper-legacy\" style=\"background-position:left top;background-repeat:no-repeat;-webkit-background-size:cover;-moz-background-size:cover;-o-background-size:cover;background-size:cover;padding: 0px 0px 0px 0px;\"><div class=\"fusion-text fusion-text-1\" style=\"transform:translate3d(0,0,0);\"><p><strong>U\u017eivajte ve\u0107 DANAS u vrhunskim sadr\u017eajima fitness kluba i prostora za opu\u0161tanje.<\/strong><\/p>\n<p>Kada se u\u010dlanite West Wood Club &amp; Spa, postajete \u010dlan jednog od najekskluzivnijih klubova zdravlja i Spa centara u Evropi.<\/p>\n<p>Imat \u0107ete puni pristup najsavremenijem sadr\u017eajima u prostorima za fitness i opu\u0161tanje. Dobit \u0107ete i stru\u010dne savjete koji su vam potrebni za postizanje maksimalnih rezultata. Osjetit \u0107ete \u0161to zna\u010di li\u010dna pa\u017enja i ljubazna usluga kako bi svaka va\u0161a posjeta bila ispunjena trenucima u\u017eivanja.<\/p>\n<p>Evo tek nekoliko prednosti koji ostvarujete \u010dlanstvom u klubu<\/p>\n<ul>\n<li class=\"li1\">U\u017eivajte u punom godi\u0161njem \u010dlanstvu,<span class=\"Apple-converted-space\">\u00a0 <\/span>\u010dlanstvu koje obuhvata SVE sadr\u017eaje u klubu zdravlja i u dnevnom Spa centru<\/li>\n<li class=\"li1\">Ostvarite maksimalne rezultate sa personaliziranim GRATIS programima<\/li>\n<li class=\"li1\">Pokrenite se sa GRATIS personaliziranim uputama ve\u0107 tokom prve posjete<\/li>\n<li class=\"li1\">Pratite svoj napredak nakon svakih 10 posjeta sa GRATIS procjenom ostvarenih rezultata<\/li>\n<li class=\"li1\">Odr\u017eite motivaciju uz pomo\u0107 GRATIS a\u017euriranog programa vje\u017ebi nakon svakih 20 posjeta<\/li>\n<li class=\"li1\">Smanjite kilograme uz<span class=\"Apple-converted-space\">\u00a0 <\/span>Cardio True Fitness opremu i programe<\/li>\n<li class=\"li1\">Tonizirajte svoje tijelo na najsavremenijoj Matrix opremi za oblikovanje tijela<\/li>\n<li class=\"li1\">Ostvarite svoju idealnu te\u017einu uz pomo\u0107 GRATIS programa \u201erezultati po mjeri\u201c<\/li>\n<li class=\"li1\">Oja\u010dajte i izgradite mi\u0161i\u0107e uz pomo\u0107 tegova<\/li>\n<li class=\"li1\">Pospije\u0161ite metabolizam na na\u0161oj specijaliziranoj opremi za toniziranje mi\u0161i\u0107a<\/li>\n<li class=\"li1\">Smanjite krvni pritisak i holesterol uz pomo\u0107 savremene fitness opreme koju su odobrili ljekari<\/li>\n<li class=\"li1\">Odaberite izme\u0111u 20 fitness i grupnih \u010dasova koji vam se nude svaki dan (Yoga, Pilates, Body mix, HIIT, Kettlebell,<span class=\"Apple-converted-space\">\u00a0 <\/span>Muscle pump, Aqua aerobic, Circle training,<span class=\"Apple-converted-space\">\u00a0 <\/span>Indoor spinning,<span class=\"Apple-converted-space\">\u00a0 <\/span>Fat burning, Perfect swimming\u2026)<\/li>\n<li class=\"li1\">Zaplivajte u na\u0161em luksuznom zagrijanom 25-metarskom bazenu<\/li>\n<li class=\"li1\">Opustite se u na\u0161oj finskoj sauni<\/li>\n<li class=\"li1\">Odmorite u na\u0161em parnom\/turskom kupatilu<\/li>\n<li class=\"li1\">Podmladite se u na\u0161oj umjereno toploj sauni (caldarium, umjerena temperature, grijane klupe)<\/li>\n<li class=\"li1\">Olak\u0161ajte si bolove i tegobe u na\u0161im hidroterapijskim bazenima<\/li>\n<li class=\"li1\">Rashladite se nakon saune, u na\u0161em hladnom bazenu (plunge pool)<\/li>\n<li class=\"li1\">Po\u010dastite se raznovrsnom paletom tretmana u na\u0161em dnevnom spa centru svjetske kvalitete<\/li>\n<li class=\"li1\">I jo\u0161 mnogo, mnogo toga!<\/li>\n<\/ul>\n<p class=\"p1\">Otkrijte kako vam mo\u017eemo pomo\u0107i da sjajno izgledate i tako se osje\u0107ate?<\/p>\n<p class=\"p1\">Kontaktirajte nas ve\u0107 DANAS kako bi ste dogovorili svoj termin za privatni obilazak na\u0161ih sadr\u017eaja!!!<\/p>\n<\/div><div class=\"fusion-clearfix\"><\/div><\/div><\/div><\/div><style type=\"text\/css\">.fusion-fullwidth.fusion-builder-row-1 { overflow:visible; }<\/style><\/div>\n","protected":false},"excerpt":{"rendered":"","protected":false},"author":2,"featured_media":0,"parent":1886,"menu_order":6,"comment_status":"closed","ping_status":"closed","template":"","meta":{"footnotes":""},"_links":{"self":[{"href":"https:\/\/www.hotelcentral.ba\/bs\/wp-json\/wp\/v2\/pages\/1873"}],"collection":[{"href":"https:\/\/www.hotelcentral.ba\/bs\/wp-json\/wp\/v2\/pages"}],"about":[{"href":"https:\/\/www.hotelcentral.ba\/bs\/wp-json\/wp\/v2\/types\/page"}],"author":[{"embeddable":true,"href":"https:\/\/www.hotelcentral.ba\/bs\/wp-json\/wp\/v2\/users\/2"}],"replies":[{"embeddable":true,"href":"https:\/\/www.hotelcentral.ba\/bs\/wp-json\/wp\/v2\/comments?post=1873"}],"version-history":[{"count":2,"href":"https:\/\/www.hotelcentral.ba\/bs\/wp-json\/wp\/v2\/pages\/1873\/revisions"}],"predecessor-version":[{"id":3174,"href":"https:\/\/www.hotelcentral.ba\/bs\/wp-json\/wp\/v2\/pages\/1873\/revisions\/3174"}],"up":[{"embeddable":true,"href":"https:\/\/www.hotelcentral.ba\/bs\/wp-json\/wp\/v2\/pages\/1886"}],"wp:attachment":[{"href":"https:\/\/www.hotelcentral.ba\/bs\/wp-json\/wp\/v2\/media?parent=1873"}],"curies":[{"name":"wp","href":"https:\/\/api.w.org\/{rel}","templated":true}]}}