{"id":1875,"date":"2015-08-23T17:32:09","date_gmt":"2015-08-23T17:32:09","guid":{"rendered":"http:\/\/hotelcentral.sayber.com\/bs\/staff\/"},"modified":"2017-06-02T12:35:55","modified_gmt":"2017-06-02T12:35:55","slug":"staff","status":"publish","type":"page","link":"https:\/\/www.hotelcentral.ba\/bs\/westwood-club-spa\/staff\/","title":{"rendered":"Osoblje"},"content":{"rendered":"<div class=\"fusion-fullwidth fullwidth-box fusion-builder-row-1 hundred-percent-fullwidth non-hundred-percent-height-scrolling\" style=\"background-color: rgba(255,255,255,0);background-position: center center;background-repeat: no-repeat;padding-top:0px;padding-right:0px;padding-bottom:0px;padding-left:0px;margin-bottom: 0px;margin-top: 0px;border-width: 0px 0px 0px 0px;border-color:#eae9e9;border-style:solid;\" ><div class=\"fusion-builder-row fusion-row\"><div class=\"fusion-layout-column fusion_builder_column fusion-builder-column-0 fusion_builder_column_1_1 1_1 fusion-one-full fusion-column-first fusion-column-last fusion-column-no-min-height\" style=\"margin-top:0px;margin-bottom:0px;\"><div class=\"fusion-column-wrapper fusion-flex-column-wrapper-legacy\" style=\"background-position:left top;background-repeat:no-repeat;-webkit-background-size:cover;-moz-background-size:cover;-o-background-size:cover;background-size:cover;padding: 0px 0px 0px 0px;\"><div class=\"fusion-text fusion-text-1\" style=\"transform:translate3d(0,0,0);\"><p>Za vas imamo dobre vijesti.<\/p>\n<p>U klubu West Wood ne morate biti stru\u010dnjak za fitness da bi ste postigli \u017eeljene rezultate.<\/p>\n<p>Ako \u017eelite skinuti kilograme, tonizirati tijelo ili jednostavno popraviti kondiciju, u tome \u0107e vam na svakom koraku pomagati na\u0161 stru\u010dni treneri. Sa njihovim dugogodi\u0161njim iskustvom I znanjem, garantiramo vam najsavremenije savjete o fitnessu i prehrani.<\/p>\n<p>Pored toga, na\u0161 provjereni sistem pripreme pojedina\u010dnih programa \u201erezultati po mjeri\u201c garantira vam redovnu podr\u0161ku i pa\u017enju koja vam je potrebna da ostvarite \u017eeljene rezultate. A to uklju\u010duje:<\/p>\n<ul>\n<li>Privatne konsultacije sa kvalificiranim li\u010dnim trenerom tokom va\u0161e prve posjete<\/li>\n<li>GRATIS personalizirani program vje\u017ebi u sali za vje\u017ebanje<\/li>\n<li>GRATIS upute &#8216;jedan na jedan&#8217;<\/li>\n<li>GRATIS pra\u0107enje rezultata nakon svake 10 posjete<\/li>\n<li>GRATIS usluga izrade individualnog programa nakon svake 20 posjete<\/li>\n<\/ul>\n<p>Otkrijte kako vam mo\u017eemo pomo\u0107i da sjajno izgledate i tako se osje\u0107ate?<\/p>\n<p>Kontaktirajte nas ve\u0107 DANAS kako bi ste dogovorili privatni obilazak na\u0161ih sadr\u017eaja.<\/p>\n<\/div><div class=\"fusion-clearfix\"><\/div><\/div><\/div><\/div><style type=\"text\/css\">.fusion-fullwidth.fusion-builder-row-1 { overflow:visible; }<\/style><\/div>\n","protected":false},"excerpt":{"rendered":"","protected":false},"author":2,"featured_media":0,"parent":1886,"menu_order":5,"comment_status":"closed","ping_status":"closed","template":"","meta":{"footnotes":""},"_links":{"self":[{"href":"https:\/\/www.hotelcentral.ba\/bs\/wp-json\/wp\/v2\/pages\/1875"}],"collection":[{"href":"https:\/\/www.hotelcentral.ba\/bs\/wp-json\/wp\/v2\/pages"}],"about":[{"href":"https:\/\/www.hotelcentral.ba\/bs\/wp-json\/wp\/v2\/types\/page"}],"author":[{"embeddable":true,"href":"https:\/\/www.hotelcentral.ba\/bs\/wp-json\/wp\/v2\/users\/2"}],"replies":[{"embeddable":true,"href":"https:\/\/www.hotelcentral.ba\/bs\/wp-json\/wp\/v2\/comments?post=1875"}],"version-history":[{"count":1,"href":"https:\/\/www.hotelcentral.ba\/bs\/wp-json\/wp\/v2\/pages\/1875\/revisions"}],"predecessor-version":[{"id":1987,"href":"https:\/\/www.hotelcentral.ba\/bs\/wp-json\/wp\/v2\/pages\/1875\/revisions\/1987"}],"up":[{"embeddable":true,"href":"https:\/\/www.hotelcentral.ba\/bs\/wp-json\/wp\/v2\/pages\/1886"}],"wp:attachment":[{"href":"https:\/\/www.hotelcentral.ba\/bs\/wp-json\/wp\/v2\/media?parent=1875"}],"curies":[{"name":"wp","href":"https:\/\/api.w.org\/{rel}","templated":true}]}}