{"id":1876,"date":"2015-08-23T17:31:54","date_gmt":"2015-08-23T17:31:54","guid":{"rendered":"http:\/\/hotelcentral.sayber.com\/bs\/results\/"},"modified":"2016-05-22T16:44:46","modified_gmt":"2016-05-22T16:44:46","slug":"results","status":"publish","type":"page","link":"https:\/\/www.hotelcentral.ba\/bs\/westwood-club-spa\/results\/","title":{"rendered":"Rezultati"},"content":{"rendered":"<div class=\"fusion-text fusion-text-1\" style=\"transform:translate3d(0,0,0);\"><p><strong>U\u010dinite to ISPRAVNO uz na\u0161e provjerene programe \u201erezultati po mjeri\u201c<\/strong><\/p>\n<p>U proteklih 25 godina, klub West Wood dizajnirao je isprobanu metodu za ostvarenje maksimalnih rezultata. Na\u0161im klijentima garantiramo najbolje mogu\u0107e rezultate uz pomo\u0107 energi\u010dnih i dinami\u010dnih programskih sadr\u017eaja.<\/p>\n<p>Evo tek nekoliko izuzetno u\u010dinkovitih programa koji su vam dostupni u West Wood Klub &amp; Spa.<\/p>\n<ul>\n<li>Napredni program oblikovanja tijela<\/li>\n<li>Intenzivno sagorijevanje masnih naslaga<\/li>\n<li>60-dnevni plan skidanja kilograma &#8216;start-right&#8217;<\/li>\n<li>Oblikovanje tijela za ljeto<\/li>\n<li>&#8216;Start-Right&#8217; fitness plan za po\u010detnike<\/li>\n<li>Zatezanje struka, stomaka i bedara!<\/li>\n<li>Fitness za iznad 55<\/li>\n<li>Stru\u010dni nadzor oblikovanju tijela<\/li>\n<li>Oporavak od povreda<\/li>\n<li>Posebne vje\u017ebe za le\u0111a<\/li>\n<li>Povratak u formu uz 6-sedmi\u010dni fitness program<\/li>\n<li>I jo\u0161 mnogo, mnogo toga!<\/li>\n<\/ul>\n<p>Otkrijte kako vam mo\u017eemo pomo\u0107i da sjajno izgledate i tako se osje\u0107ate?<\/p>\n<p>Kontaktirajte nas ve\u0107 DANAS kako bi ste dogovorili privatni obilazak na\u0161ih sadr\u017eaja.<\/p>\n<\/div>\n","protected":false},"excerpt":{"rendered":"","protected":false},"author":2,"featured_media":0,"parent":1886,"menu_order":4,"comment_status":"closed","ping_status":"closed","template":"","meta":{"footnotes":""},"_links":{"self":[{"href":"https:\/\/www.hotelcentral.ba\/bs\/wp-json\/wp\/v2\/pages\/1876"}],"collection":[{"href":"https:\/\/www.hotelcentral.ba\/bs\/wp-json\/wp\/v2\/pages"}],"about":[{"href":"https:\/\/www.hotelcentral.ba\/bs\/wp-json\/wp\/v2\/types\/page"}],"author":[{"embeddable":true,"href":"https:\/\/www.hotelcentral.ba\/bs\/wp-json\/wp\/v2\/users\/2"}],"replies":[{"embeddable":true,"href":"https:\/\/www.hotelcentral.ba\/bs\/wp-json\/wp\/v2\/comments?post=1876"}],"version-history":[{"count":1,"href":"https:\/\/www.hotelcentral.ba\/bs\/wp-json\/wp\/v2\/pages\/1876\/revisions"}],"predecessor-version":[{"id":1937,"href":"https:\/\/www.hotelcentral.ba\/bs\/wp-json\/wp\/v2\/pages\/1876\/revisions\/1937"}],"up":[{"embeddable":true,"href":"https:\/\/www.hotelcentral.ba\/bs\/wp-json\/wp\/v2\/pages\/1886"}],"wp:attachment":[{"href":"https:\/\/www.hotelcentral.ba\/bs\/wp-json\/wp\/v2\/media?parent=1876"}],"curies":[{"name":"wp","href":"https:\/\/api.w.org\/{rel}","templated":true}]}}