{"id":1877,"date":"2015-08-23T17:31:07","date_gmt":"2015-08-23T17:31:07","guid":{"rendered":"http:\/\/hotelcentral.sayber.com\/bs\/gym\/"},"modified":"2017-06-02T12:35:55","modified_gmt":"2017-06-02T12:35:55","slug":"gym","status":"publish","type":"page","link":"https:\/\/www.hotelcentral.ba\/bs\/westwood-club-spa\/gym\/","title":{"rendered":"Sala za vje\u017ebanje"},"content":{"rendered":"<div class=\"fusion-fullwidth fullwidth-box fusion-builder-row-1 hundred-percent-fullwidth non-hundred-percent-height-scrolling\" style=\"background-color: rgba(255,255,255,0);background-position: center center;background-repeat: no-repeat;padding-top:0px;padding-right:0px;padding-bottom:0px;padding-left:0px;margin-bottom: 0px;margin-top: 0px;border-width: 0px 0px 0px 0px;border-color:#eae9e9;border-style:solid;\" ><div class=\"fusion-builder-row fusion-row\"><div class=\"fusion-layout-column fusion_builder_column fusion-builder-column-0 fusion_builder_column_1_1 1_1 fusion-one-full fusion-column-first fusion-column-last fusion-column-no-min-height\" style=\"margin-top:0px;margin-bottom:0px;\"><div class=\"fusion-column-wrapper fusion-flex-column-wrapper-legacy\" style=\"background-position:left top;background-repeat:no-repeat;-webkit-background-size:cover;-moz-background-size:cover;-o-background-size:cover;background-size:cover;padding: 0px 0px 0px 0px;\"><div class=\"fusion-text fusion-text-1\" style=\"transform:translate3d(0,0,0);\"><p>Kona\u010dno na jednom mjestu sve \u0161to vam je potrebno da izgledate dobro i da se osje\u0107ate sjajno!<br \/>\nDodite ve\u0107 danas u klub West Wood i na\u0107i \u0107ete sve \u0161to vam treba da brzo istopite masne naslage, tonizirate tijelo i dodete u formu.<\/p>\n<p>Pokretne trake, steperi, bicikli, vesla, &#8216;skier&#8217; ma\u0161ine, tegovi i ma\u0161ine za toniziranje tijela. Tu je sve. I ne samo to, sva oprema je na jednom mjestu, u dva klimatizirane fitness studija.<\/p>\n<p>Posjetite nas danas i saznajte za\u0161to \u0107ete sa nama najlak\u0161e posti\u0107i rezultate.<\/p>\n<ul>\n<li>Istopite suvi\u0161ne masne naslage i smr\u0161avite uz CardioVision program<\/li>\n<li>Tonizirajte va\u0161e tijelo od glave do pete na najsavremenijoj &#8216;resistance&#8217; opremi<\/li>\n<li>Zabavite se dok radite kondicione vje\u017ebe koje \u0107ete lako pratiti na \u010dasovima za grupe<\/li>\n<li>Oja\u010dajte i izgradite mi\u0161i\u0107e uz pomo\u0107 tegova<\/li>\n<li>Ostvarite idealnu te\u017einu sa progamima \u201erezultati po mjeri\u201c<\/li>\n<li>Pobolj\u0161ajte metabolizam vje\u017ebama na specijaliziranoj opremi za toniziranje mi\u0161i\u0107a<\/li>\n<li>Smanjite krvni pritisak i holesterol uz pomo\u0107 fitness opreme koju su odobrili ljekari<\/li>\n<li>I jo\u0161 mnogo, mnogo toga!<\/li>\n<\/ul>\n<p>Otkrijte kako vam mo\u017eemo pomo\u0107i da sjajno izgledate i tako se osje\u0107ate?<\/p>\n<p>Kontaktirajte nas DANAS kako bi ste napravili rezervaciju.<\/p>\n<\/div><div class=\"fusion-clearfix\"><\/div><\/div><\/div><\/div><style type=\"text\/css\">.fusion-fullwidth.fusion-builder-row-1 { overflow:visible; }<\/style><\/div>\n","protected":false},"excerpt":{"rendered":"","protected":false},"author":2,"featured_media":0,"parent":1886,"menu_order":1,"comment_status":"closed","ping_status":"closed","template":"","meta":{"footnotes":""},"_links":{"self":[{"href":"https:\/\/www.hotelcentral.ba\/bs\/wp-json\/wp\/v2\/pages\/1877"}],"collection":[{"href":"https:\/\/www.hotelcentral.ba\/bs\/wp-json\/wp\/v2\/pages"}],"about":[{"href":"https:\/\/www.hotelcentral.ba\/bs\/wp-json\/wp\/v2\/types\/page"}],"author":[{"embeddable":true,"href":"https:\/\/www.hotelcentral.ba\/bs\/wp-json\/wp\/v2\/users\/2"}],"replies":[{"embeddable":true,"href":"https:\/\/www.hotelcentral.ba\/bs\/wp-json\/wp\/v2\/comments?post=1877"}],"version-history":[{"count":1,"href":"https:\/\/www.hotelcentral.ba\/bs\/wp-json\/wp\/v2\/pages\/1877\/revisions"}],"predecessor-version":[{"id":1991,"href":"https:\/\/www.hotelcentral.ba\/bs\/wp-json\/wp\/v2\/pages\/1877\/revisions\/1991"}],"up":[{"embeddable":true,"href":"https:\/\/www.hotelcentral.ba\/bs\/wp-json\/wp\/v2\/pages\/1886"}],"wp:attachment":[{"href":"https:\/\/www.hotelcentral.ba\/bs\/wp-json\/wp\/v2\/media?parent=1877"}],"curies":[{"name":"wp","href":"https:\/\/api.w.org\/{rel}","templated":true}]}}