{"id":1878,"date":"2015-08-23T17:31:30","date_gmt":"2015-08-23T17:31:30","guid":{"rendered":"http:\/\/hotelcentral.sayber.com\/bs\/pool-spa\/"},"modified":"2024-06-01T07:16:22","modified_gmt":"2024-06-01T07:16:22","slug":"pool-spa","status":"publish","type":"page","link":"https:\/\/www.hotelcentral.ba\/bs\/westwood-club-spa\/pool-spa\/","title":{"rendered":"Bazen &#038; SPA"},"content":{"rendered":"<div class=\"fusion-fullwidth fullwidth-box fusion-builder-row-1 hundred-percent-fullwidth non-hundred-percent-height-scrolling\" style=\"background-color: rgba(255,255,255,0);background-position: center center;background-repeat: no-repeat;padding-top:0px;padding-right:0px;padding-bottom:0px;padding-left:0px;margin-bottom: 0px;margin-top: 0px;border-width: 0px 0px 0px 0px;border-color:#eae9e9;border-style:solid;\" ><div class=\"fusion-builder-row fusion-row\"><div class=\"fusion-layout-column fusion_builder_column fusion-builder-column-0 fusion_builder_column_1_1 1_1 fusion-one-full fusion-column-first fusion-column-last fusion-column-no-min-height\" style=\"margin-top:0px;margin-bottom:0px;\"><div class=\"fusion-column-wrapper fusion-flex-column-wrapper-legacy\" style=\"background-position:left top;background-repeat:no-repeat;-webkit-background-size:cover;-moz-background-size:cover;-o-background-size:cover;background-size:cover;padding: 0px 0px 0px 0px;\"><div class=\"fusion-text fusion-text-1\" style=\"transform:translate3d(0,0,0);\"><p><strong>Oaza za opu\u0161tanje i wellness u Sarajevu<\/strong><\/p>\n<p>Otkrijte raj za opu\u0161tanje i obnovu u na\u0161im predivnim hotelskim bazenom, spa i teretanom. Sa teretanom koja se prostire na tri sprata, bazenom od 25 metara, te posebnim saunama i parnim sobama, na\u0161a wellness oaza nudi savr\u0161eno uto\u010di\u0161te za um, tijelo i duh.<\/p>\n<p><strong>Mirni bijeg uz bazen<\/strong><\/p>\n<p>Uronite u spokoj na na\u0161em bazenu od 25 metara. Bilo da \u017eelite plivati krugove ili se jednostavno opustiti uz vodu, na\u0161 bazen pru\u017ea mirno uto\u010di\u0161te za goste svih uzrasta.<\/p>\n<p><strong>Izvrsnost u fitnessu<\/strong><\/p>\n<p>Odr\u017eavajte svoju fitness rutinu u na\u0161oj vrhunskoj teretani koja se prostire na tri sprata i sadr\u017ei kardio i opremu za ja\u010danje mi\u0161i\u0107a. Bilo da ste zaljubljenik u fitness ili tek po\u010dinjete, na\u0161a teretana nudi sve \u0161to vam je potrebno da ostanete aktivni i zdravi tokom va\u0161eg boravka.<\/p>\n<p><strong>Saune i parne sobe<\/strong><\/p>\n<p>Opustite se i oslobodite napetosti u na\u0161im saunama i parnim sobama, gdje toplota i vla\u017enost poma\u017eu detoksikaciji i obnovi tijela. Nakon sesije u sauni ili parnoj sobi, osje\u0107at \u0107ete se osvje\u017eeno i revitalizirano, spremni za dan pred vama.<\/p>\n<p><strong>Nova definicija Wellnessa<\/strong><\/p>\n<p>U na\u0161em hotelu, wellness je vi\u0161e od koncepta\u2014to je na\u010din \u017eivota. Bilo da tra\u017eite opu\u0161tanje, obnovu, ili oboje, na\u0161i bazen, spa i teretana nude jedinstveno wellness iskustvo koje \u0107e vas ostaviti osje\u0107aju\u0107i se obnovljeno i revitalizirano.<\/p>\n<p><strong>Rezervi\u0161ite svoj boravak kod nas i zapo\u010dnite putovanje ka wellnessu i opu\u0161tanju u srcu Sarajeva. Radujemo se \u0161to \u0107emo vas do\u010dekati u na\u0161oj oazi mira.<\/strong><\/p>\n<\/div><div class=\"fusion-clearfix\"><\/div><\/div><\/div><div class=\"fusion-layout-column fusion_builder_column fusion-builder-column-1 fusion_builder_column_1_1 1_1 fusion-one-full fusion-column-first fusion-column-last fusion-column-no-min-height\" style=\"margin-top:0px;margin-bottom:0px;\"><div class=\"fusion-column-wrapper fusion-flex-column-wrapper-legacy\" style=\"background-position:left top;background-repeat:no-repeat;-webkit-background-size:cover;-moz-background-size:cover;-o-background-size:cover;background-size:cover;padding: 0px 0px 0px 0px;\"><div class=\"fusion-image-carousel fusion-image-carousel-auto lightbox-enabled fusion-carousel-border\"><div class=\"fusion-carousel\" data-autoplay=\"yes\" data-columns=\"3\" data-itemmargin=\"13\" data-itemwidth=\"180\" data-touchscroll=\"no\" data-imagesize=\"auto\"><div class=\"fusion-carousel-positioner\"><ul class=\"fusion-carousel-holder\"><li class=\"fusion-carousel-item\"><div class=\"fusion-carousel-item-wrapper\"><div class=\"fusion-image-wrapper hover-type-zoomin\"><a data-rel=\"iLightbox[image_carousel_1]\" href=\"http:\/\/www.hotelcentral.ba\/wp-content\/uploads\/2015\/08\/pool-01.jpg\" target=\"_self\"><img decoding=\"async\" src=\"http:\/\/www.hotelcentral.ba\/wp-content\/uploads\/2015\/08\/pool-01.jpg\" alt=\"\"\/><\/a><\/div><\/div><\/li><li class=\"fusion-carousel-item\"><div class=\"fusion-carousel-item-wrapper\"><div class=\"fusion-image-wrapper hover-type-zoomin\"><a data-rel=\"iLightbox[image_carousel_1]\" href=\"http:\/\/www.hotelcentral.ba\/wp-content\/uploads\/2015\/08\/pool-02.jpg\" target=\"_self\"><img decoding=\"async\" src=\"http:\/\/www.hotelcentral.ba\/wp-content\/uploads\/2015\/08\/pool-02.jpg\" alt=\"\"\/><\/a><\/div><\/div><\/li><li class=\"fusion-carousel-item\"><div class=\"fusion-carousel-item-wrapper\"><div class=\"fusion-image-wrapper hover-type-zoomin\"><a data-rel=\"iLightbox[image_carousel_1]\" href=\"http:\/\/www.hotelcentral.ba\/wp-content\/uploads\/2015\/08\/pool-03.jpg\" target=\"_self\"><img decoding=\"async\" src=\"http:\/\/www.hotelcentral.ba\/wp-content\/uploads\/2015\/08\/pool-03.jpg\" alt=\"\"\/><\/a><\/div><\/div><\/li><li class=\"fusion-carousel-item\"><div class=\"fusion-carousel-item-wrapper\"><div class=\"fusion-image-wrapper hover-type-zoomin\"><a data-rel=\"iLightbox[image_carousel_1]\" href=\"http:\/\/www.hotelcentral.ba\/wp-content\/uploads\/2015\/08\/pool-04.jpg\" target=\"_self\"><img decoding=\"async\" src=\"http:\/\/www.hotelcentral.ba\/wp-content\/uploads\/2015\/08\/pool-04.jpg\" alt=\"\"\/><\/a><\/div><\/div><\/li><li class=\"fusion-carousel-item\"><div class=\"fusion-carousel-item-wrapper\"><div class=\"fusion-image-wrapper hover-type-zoomin\"><a data-rel=\"iLightbox[image_carousel_1]\" href=\"http:\/\/www.hotelcentral.ba\/wp-content\/uploads\/2015\/08\/pool-05.jpg\" target=\"_self\"><img decoding=\"async\" src=\"http:\/\/www.hotelcentral.ba\/wp-content\/uploads\/2015\/08\/pool-05.jpg\" alt=\"\"\/><\/a><\/div><\/div><\/li><li class=\"fusion-carousel-item\"><div class=\"fusion-carousel-item-wrapper\"><div class=\"fusion-image-wrapper hover-type-zoomin\"><a data-rel=\"iLightbox[image_carousel_1]\" href=\"http:\/\/www.hotelcentral.ba\/wp-content\/uploads\/2015\/08\/pool-06.jpg\" target=\"_self\"><img decoding=\"async\" src=\"http:\/\/www.hotelcentral.ba\/wp-content\/uploads\/2015\/08\/pool-06.jpg\" alt=\"\"\/><\/a><\/div><\/div><\/li><li class=\"fusion-carousel-item\"><div class=\"fusion-carousel-item-wrapper\"><div class=\"fusion-image-wrapper hover-type-zoomin\"><a data-rel=\"iLightbox[image_carousel_1]\" href=\"http:\/\/www.hotelcentral.ba\/wp-content\/uploads\/2015\/08\/pool-08.jpg\" target=\"_self\"><img decoding=\"async\" src=\"http:\/\/www.hotelcentral.ba\/wp-content\/uploads\/2015\/08\/pool-08.jpg\" alt=\"\"\/><\/a><\/div><\/div><\/li><\/ul><div class=\"fusion-carousel-nav\"><span class=\"fusion-nav-prev\"><\/span><span class=\"fusion-nav-next\"><\/span><\/div><\/div><\/div><\/div><div class=\"fusion-clearfix\"><\/div><\/div><\/div><\/div><style type=\"text\/css\">.fusion-fullwidth.fusion-builder-row-1 { overflow:visible; }<\/style><\/div>\n","protected":false},"excerpt":{"rendered":"","protected":false},"author":2,"featured_media":0,"parent":1886,"menu_order":2,"comment_status":"closed","ping_status":"closed","template":"","meta":{"footnotes":""},"_links":{"self":[{"href":"https:\/\/www.hotelcentral.ba\/bs\/wp-json\/wp\/v2\/pages\/1878"}],"collection":[{"href":"https:\/\/www.hotelcentral.ba\/bs\/wp-json\/wp\/v2\/pages"}],"about":[{"href":"https:\/\/www.hotelcentral.ba\/bs\/wp-json\/wp\/v2\/types\/page"}],"author":[{"embeddable":true,"href":"https:\/\/www.hotelcentral.ba\/bs\/wp-json\/wp\/v2\/users\/2"}],"replies":[{"embeddable":true,"href":"https:\/\/www.hotelcentral.ba\/bs\/wp-json\/wp\/v2\/comments?post=1878"}],"version-history":[{"count":2,"href":"https:\/\/www.hotelcentral.ba\/bs\/wp-json\/wp\/v2\/pages\/1878\/revisions"}],"predecessor-version":[{"id":3249,"href":"https:\/\/www.hotelcentral.ba\/bs\/wp-json\/wp\/v2\/pages\/1878\/revisions\/3249"}],"up":[{"embeddable":true,"href":"https:\/\/www.hotelcentral.ba\/bs\/wp-json\/wp\/v2\/pages\/1886"}],"wp:attachment":[{"href":"https:\/\/www.hotelcentral.ba\/bs\/wp-json\/wp\/v2\/media?parent=1878"}],"curies":[{"name":"wp","href":"https:\/\/api.w.org\/{rel}","templated":true}]}}