{"id":1879,"date":"2015-08-23T17:31:43","date_gmt":"2015-08-23T17:31:43","guid":{"rendered":"http:\/\/hotelcentral.sayber.com\/bs\/classes\/"},"modified":"2016-05-22T16:43:02","modified_gmt":"2016-05-22T16:43:02","slug":"classes","status":"publish","type":"page","link":"https:\/\/www.hotelcentral.ba\/bs\/westwood-club-spa\/classes\/","title":{"rendered":"\u010casovi fitnessa"},"content":{"rendered":"<div class=\"fusion-text fusion-text-1\" style=\"transform:translate3d(0,0,0);\"><p>Pridru\u017eite nam se kako bi ste na najbr\u017ei, najlak\u0161i i najzabavniji na\u010din ikad smanjili te\u017einu i stekli dobru kondiciju.<\/p>\n<p>Tragate za zabavnim, brzim i uzbudljivim na\u010dinom skidanja kilograma, oblikovanja tijela i sticanja kondicije?<\/p>\n<p>Isprobajte jedan od na\u0161ih \u010dasova za sagorijevanje masnih naslaga, pove\u0107anje energije i oblikovanje tijela. Svi \u010dasovi odr\u017eavaju se u na\u0161oj klimatiziranoj prostoriji za grupne vje\u017ebe. Uz \u010dasove koji odgovaraju svim \u017eivotnim dobima i svim nivoima kondicione spremnosti, garantiramo da \u0107ete na\u0107i sadr\u017eaj koji i vama odgovara.<\/p>\n<p>Isprobajte i na\u0161e zabavne \u010dasove aerobika za kona\u010dno sagorijevanje masnih naslaga. Ili pridru\u017eite se 15-minutnom \u010dasu za stoma\u010dne mi\u0161i\u0107e kako bi ste oblikovali sjajan stas za ljeto. A za brzo toniziranje tijela od glave do pete, usko\u010dite u na\u0161 program toniziranja mi\u0161i\u0107a, Super-Circuit. Potrebno je samo 40 minuta dva puta sedmi\u010dno do vitkijeg, privla\u010dnijeg tijela.<\/p>\n<p>Otkrijte kako vam mo\u017eemo pomo\u0107i da sjajno izgledate i tako se osje\u0107ate?<\/p>\n<p>Kontaktirajte nas ve\u0107 DANAS kako bi ste dogovorili privatni obilazak na\u0161ih sadr\u017eaja.<\/p>\n<\/div>\n","protected":false},"excerpt":{"rendered":"","protected":false},"author":2,"featured_media":0,"parent":1886,"menu_order":3,"comment_status":"closed","ping_status":"closed","template":"","meta":{"footnotes":""},"_links":{"self":[{"href":"https:\/\/www.hotelcentral.ba\/bs\/wp-json\/wp\/v2\/pages\/1879"}],"collection":[{"href":"https:\/\/www.hotelcentral.ba\/bs\/wp-json\/wp\/v2\/pages"}],"about":[{"href":"https:\/\/www.hotelcentral.ba\/bs\/wp-json\/wp\/v2\/types\/page"}],"author":[{"embeddable":true,"href":"https:\/\/www.hotelcentral.ba\/bs\/wp-json\/wp\/v2\/users\/2"}],"replies":[{"embeddable":true,"href":"https:\/\/www.hotelcentral.ba\/bs\/wp-json\/wp\/v2\/comments?post=1879"}],"version-history":[{"count":1,"href":"https:\/\/www.hotelcentral.ba\/bs\/wp-json\/wp\/v2\/pages\/1879\/revisions"}],"predecessor-version":[{"id":1936,"href":"https:\/\/www.hotelcentral.ba\/bs\/wp-json\/wp\/v2\/pages\/1879\/revisions\/1936"}],"up":[{"embeddable":true,"href":"https:\/\/www.hotelcentral.ba\/bs\/wp-json\/wp\/v2\/pages\/1886"}],"wp:attachment":[{"href":"https:\/\/www.hotelcentral.ba\/bs\/wp-json\/wp\/v2\/media?parent=1879"}],"curies":[{"name":"wp","href":"https:\/\/api.w.org\/{rel}","templated":true}]}}