{"id":1880,"date":"2015-08-23T11:52:37","date_gmt":"2015-08-23T11:52:37","guid":{"rendered":"http:\/\/hotelcentral.sayber.com\/bs\/rooms\/"},"modified":"2018-03-03T14:08:50","modified_gmt":"2018-03-03T14:08:50","slug":"rooms","status":"publish","type":"page","link":"https:\/\/www.hotelcentral.ba\/bs\/rooms\/","title":{"rendered":"Na\u0161e sobe"},"content":{"rendered":"<div class=\"fusion-fullwidth fullwidth-box fusion-builder-row-1 hundred-percent-fullwidth non-hundred-percent-height-scrolling\" style=\"background-color: rgba(255,255,255,0);background-position: center center;background-repeat: no-repeat;padding-top:0px;padding-right:0px;padding-bottom:0px;padding-left:0px;margin-bottom: 0px;margin-top: 0px;border-width: 0px 0px 0px 0px;border-color:#eae9e9;border-style:solid;\" ><div class=\"fusion-builder-row fusion-row\"><div class=\"fusion-layout-column fusion_builder_column fusion-builder-column-0 fusion_builder_column_1_1 1_1 fusion-one-full fusion-column-first fusion-column-last fusion-column-no-min-height\" style=\"margin-top:0px;margin-bottom:0px;\"><div class=\"fusion-column-wrapper fusion-flex-column-wrapper-legacy\" style=\"background-position:left top;background-repeat:no-repeat;-webkit-background-size:cover;-moz-background-size:cover;-o-background-size:cover;background-size:cover;padding: 0px 0px 0px 0px;\"><div class=\"fusion-text fusion-text-1\" style=\"transform:translate3d(0,0,0);\"><p>Odaberite smje\u0161taj kakav \u017eelite u \u0161irokoj paleti luksuznih soba i junior apartmana, uz najbolje kvalitete savremenog stila. Tu \u0107ete se istinski odmoriti jer je svaki detalj prilagoden kako bi odgovarao va\u0161im \u010dulima. U svim sobama prona\u0107i \u0107ete moderan namje\u0161taj i izvanredne usluge. Svaka soba pripremljena je kako bi vam pru\u017eila maksimalnu ugodu i u svakoj se nalazi klima uredaj koji se aktivira na dodir, brza be\u017ei\u010dna internet konekcija, veliko luksuzno kupatilo i ogroman \u201ekino efekt\u201c LCD televizor sa ekranom od 106 cm.<\/p>\n<p>Radi \u0161to bolje udobnosti, u svakoj sobi nalazi se i super-king size krevet, visoki luskuzni madrac i svje\u017ea \u010dista posteljina najvi\u0161e kvalitete \u2013 va\u0161a oaza komfora iz koje izlazite potpuno revitalizirani.<\/p>\n<ul>\n<li>Zavjese za zamra\u010divanje (na elektronsko upravljanje)<\/li>\n<li>GRATIS be\u017ei\u010dni internet<\/li>\n<li>LCD TV ekran od 106 cm<\/li>\n<li>Sve sobe su za nepu\u0161a\u010de<\/li>\n<li>Kablovska TV<\/li>\n<li>Telefon sa direktnim biranjem i govornom po\u0161tom<\/li>\n<li>Aparat za kafu\/ \u010daj<\/li>\n<li>Radni sto<\/li>\n<li>Proizvodi za njegu<\/li>\n<li>Sef<\/li>\n<li>Papu\u010de i bade mantil<\/li>\n<li>Su\u0161ilo za kosu<\/li>\n<li>Presa za hla\u010de<\/li>\n<li>Fri\u017eider-Mini bar<\/li>\n<\/ul>\n<\/div><div class=\"fusion-builder-row fusion-builder-row-inner fusion-row\"><div class=\"fusion-layout-column fusion_builder_column_inner fusion-builder-nested-column-0 fusion_builder_column_inner_1_3 1_3 fusion-one-third fusion-column-first\" style=\"width:33.333333333333%;width:calc(33.333333333333% - ( ( 4% + 4% ) * 0.33333333333333 ) );margin-right: 4%;margin-top:0px;margin-bottom:20px;\"><div class=\"fusion-column-wrapper fusion-flex-column-wrapper-legacy\" style=\"background-position:left top;background-repeat:no-repeat;-webkit-background-size:cover;-moz-background-size:cover;-o-background-size:cover;background-size:cover;padding: 0px 0px 0px 0px;\"><center><h3>Superior Delux Soba<\/h3><\/center><div class=\"fusion-clearfix\"><\/div><\/div><\/div><div class=\"fusion-layout-column fusion_builder_column_inner fusion-builder-nested-column-1 fusion_builder_column_inner_1_3 1_3 fusion-one-third\" style=\"width:33.333333333333%;width:calc(33.333333333333% - ( ( 4% + 4% ) * 0.33333333333333 ) );margin-right: 4%;margin-top:0px;margin-bottom:20px;\"><div class=\"fusion-column-wrapper fusion-flex-column-wrapper-legacy\" style=\"background-position:left top;background-repeat:no-repeat;-webkit-background-size:cover;-moz-background-size:cover;-o-background-size:cover;background-size:cover;padding: 0px 0px 0px 0px;\"><center><h3>Standarda TN\/Dvokrevetna<\/h3><\/center><div class=\"fusion-clearfix\"><\/div><\/div><\/div><div class=\"fusion-layout-column fusion_builder_column_inner fusion-builder-nested-column-2 fusion_builder_column_inner_1_3 1_3 fusion-one-third fusion-column-last\" style=\"width:33.333333333333%;width:calc(33.333333333333% - ( ( 4% + 4% ) * 0.33333333333333 ) );margin-top:0px;margin-bottom:20px;\"><div class=\"fusion-column-wrapper fusion-flex-column-wrapper-legacy\" style=\"background-position:left top;background-repeat:no-repeat;-webkit-background-size:cover;-moz-background-size:cover;-o-background-size:cover;background-size:cover;padding: 0px 0px 0px 0px;\"><center><h3>Standarda TN\/Dvokrevetna<\/h3><\/center><div class=\"fusion-clearfix\"><\/div><\/div><\/div><\/div><div class=\"fusion-image-carousel fusion-image-carousel-auto lightbox-enabled\"><div class=\"fusion-carousel\" data-autoplay=\"no\" data-columns=\"3\" data-itemmargin=\"13\" data-itemwidth=\"180\" data-touchscroll=\"no\" data-imagesize=\"auto\" data-scrollitems=\"3\"><div class=\"fusion-carousel-positioner\"><ul class=\"fusion-carousel-holder\"><li class=\"fusion-carousel-item\"><div class=\"fusion-carousel-item-wrapper\"><div class=\"fusion-image-wrapper hover-type-zoomin\"><a data-rel=\"iLightbox[image_carousel_1]\" data-title=\"_IMG_9052\" aria-label=\"_IMG_9052\" href=\"http:\/\/www.hotelcentral.ba\/wp-content\/uploads\/2018\/03\/IMG_9052.jpg\" target=\"_self\"><img decoding=\"async\" width=\"960\" height=\"640\" src=\"https:\/\/www.hotelcentral.ba\/wp-content\/uploads\/2018\/03\/IMG_9052.jpg\" class=\"attachment-full size-full\" alt=\"\" srcset=\"https:\/\/www.hotelcentral.ba\/wp-content\/uploads\/2018\/03\/IMG_9052-200x133.jpg 200w, https:\/\/www.hotelcentral.ba\/wp-content\/uploads\/2018\/03\/IMG_9052-400x267.jpg 400w, https:\/\/www.hotelcentral.ba\/wp-content\/uploads\/2018\/03\/IMG_9052-600x400.jpg 600w, https:\/\/www.hotelcentral.ba\/wp-content\/uploads\/2018\/03\/IMG_9052-800x533.jpg 800w, https:\/\/www.hotelcentral.ba\/wp-content\/uploads\/2018\/03\/IMG_9052.jpg 960w\" sizes=\"(min-width: 2200px) 100vw, (min-width: 1129px) 503px, (min-width: 1037px) 755px, (min-width: 945px) 1037px, \" \/><\/a><\/div><\/div><\/li><li class=\"fusion-carousel-item\"><div class=\"fusion-carousel-item-wrapper\"><div class=\"fusion-image-wrapper hover-type-zoomin\"><a data-rel=\"iLightbox[image_carousel_1]\" data-title=\"_IMG_9124\" aria-label=\"_IMG_9124\" href=\"http:\/\/www.hotelcentral.ba\/wp-content\/uploads\/2018\/03\/IMG_9124.jpg\" target=\"_self\"><img decoding=\"async\" width=\"960\" height=\"640\" src=\"https:\/\/www.hotelcentral.ba\/wp-content\/uploads\/2018\/03\/IMG_9124.jpg\" class=\"attachment-full size-full\" alt=\"\" srcset=\"https:\/\/www.hotelcentral.ba\/wp-content\/uploads\/2018\/03\/IMG_9124-200x133.jpg 200w, https:\/\/www.hotelcentral.ba\/wp-content\/uploads\/2018\/03\/IMG_9124-400x267.jpg 400w, https:\/\/www.hotelcentral.ba\/wp-content\/uploads\/2018\/03\/IMG_9124-600x400.jpg 600w, https:\/\/www.hotelcentral.ba\/wp-content\/uploads\/2018\/03\/IMG_9124-800x533.jpg 800w, https:\/\/www.hotelcentral.ba\/wp-content\/uploads\/2018\/03\/IMG_9124.jpg 960w\" sizes=\"(min-width: 2200px) 100vw, (min-width: 1129px) 503px, (min-width: 1037px) 755px, (min-width: 945px) 1037px, \" \/><\/a><\/div><\/div><\/li><li class=\"fusion-carousel-item\"><div class=\"fusion-carousel-item-wrapper\"><div class=\"fusion-image-wrapper hover-type-zoomin\"><a data-rel=\"iLightbox[image_carousel_1]\" data-title=\"_IMG_9140\" aria-label=\"_IMG_9140\" href=\"http:\/\/www.hotelcentral.ba\/wp-content\/uploads\/2018\/03\/IMG_9140.jpg\" target=\"_self\"><img decoding=\"async\" width=\"960\" height=\"642\" src=\"https:\/\/www.hotelcentral.ba\/wp-content\/uploads\/2018\/03\/IMG_9140.jpg\" class=\"attachment-full size-full\" alt=\"\" srcset=\"https:\/\/www.hotelcentral.ba\/wp-content\/uploads\/2018\/03\/IMG_9140-200x134.jpg 200w, https:\/\/www.hotelcentral.ba\/wp-content\/uploads\/2018\/03\/IMG_9140-400x268.jpg 400w, https:\/\/www.hotelcentral.ba\/wp-content\/uploads\/2018\/03\/IMG_9140-600x401.jpg 600w, https:\/\/www.hotelcentral.ba\/wp-content\/uploads\/2018\/03\/IMG_9140-800x535.jpg 800w, https:\/\/www.hotelcentral.ba\/wp-content\/uploads\/2018\/03\/IMG_9140.jpg 960w\" sizes=\"(min-width: 2200px) 100vw, (min-width: 1129px) 503px, (min-width: 1037px) 755px, (min-width: 945px) 1037px, \" \/><\/a><\/div><\/div><\/li><\/ul><div class=\"fusion-carousel-nav\"><span class=\"fusion-nav-prev\"><\/span><span class=\"fusion-nav-next\"><\/span><\/div><\/div><\/div><\/div><center><h3>Galerija fotografija<\/h3><\/center><div class=\"fusion-clearfix\"><\/div><\/div><\/div><div class=\"fusion-layout-column fusion_builder_column fusion-builder-column-1 fusion_builder_column_1_1 1_1 fusion-one-full fusion-column-first fusion-column-last fusion-column-no-min-height\" style=\"margin-top:0px;margin-bottom:0px;\"><div class=\"fusion-column-wrapper fusion-flex-column-wrapper-legacy\" style=\"background-position:left top;background-repeat:no-repeat;-webkit-background-size:cover;-moz-background-size:cover;-o-background-size:cover;background-size:cover;padding: 0px 0px 0px 0px;\"><div class=\"fusion-image-carousel fusion-image-carousel-auto lightbox-enabled fusion-carousel-border\"><div class=\"fusion-carousel\" data-autoplay=\"no\" data-columns=\"3\" data-itemmargin=\"13\" data-itemwidth=\"180\" data-touchscroll=\"no\" data-imagesize=\"auto\"><div class=\"fusion-carousel-positioner\"><ul class=\"fusion-carousel-holder\"><li class=\"fusion-carousel-item\"><div class=\"fusion-carousel-item-wrapper\"><div class=\"fusion-image-wrapper hover-type-zoomin\"><a data-rel=\"iLightbox[image_carousel_2]\" href=\"http:\/\/www.hotelcentral.ba\/wp-content\/uploads\/2015\/08\/hc-room-01.jpg\" target=\"_self\"><img decoding=\"async\" src=\"http:\/\/www.hotelcentral.ba\/wp-content\/uploads\/2015\/08\/hc-room-01.jpg\" alt=\"\"\/><\/a><\/div><\/div><\/li><li class=\"fusion-carousel-item\"><div class=\"fusion-carousel-item-wrapper\"><div class=\"fusion-image-wrapper hover-type-zoomin\"><a data-rel=\"iLightbox[image_carousel_2]\" href=\"http:\/\/www.hotelcentral.ba\/wp-content\/uploads\/2015\/08\/hc-room-02-1.jpg\" target=\"_self\"><img decoding=\"async\" src=\"http:\/\/www.hotelcentral.ba\/wp-content\/uploads\/2015\/08\/hc-room-02-1.jpg\" alt=\"\"\/><\/a><\/div><\/div><\/li><li class=\"fusion-carousel-item\"><div class=\"fusion-carousel-item-wrapper\"><div class=\"fusion-image-wrapper hover-type-zoomin\"><a data-rel=\"iLightbox[image_carousel_2]\" href=\"http:\/\/www.hotelcentral.ba\/wp-content\/uploads\/2015\/08\/hc-room-03.jpg\" target=\"_self\"><img decoding=\"async\" src=\"http:\/\/www.hotelcentral.ba\/wp-content\/uploads\/2015\/08\/hc-room-03.jpg\" alt=\"\"\/><\/a><\/div><\/div><\/li><li class=\"fusion-carousel-item\"><div class=\"fusion-carousel-item-wrapper\"><div class=\"fusion-image-wrapper hover-type-zoomin\"><a data-rel=\"iLightbox[image_carousel_2]\" href=\"http:\/\/www.hotelcentral.ba\/wp-content\/uploads\/2015\/08\/hc-room-04.jpg\" target=\"_self\"><img decoding=\"async\" src=\"http:\/\/www.hotelcentral.ba\/wp-content\/uploads\/2015\/08\/hc-room-04.jpg\" alt=\"\"\/><\/a><\/div><\/div><\/li><li class=\"fusion-carousel-item\"><div class=\"fusion-carousel-item-wrapper\"><div class=\"fusion-image-wrapper hover-type-zoomin\"><a data-rel=\"iLightbox[image_carousel_2]\" href=\"http:\/\/www.hotelcentral.ba\/wp-content\/uploads\/2015\/08\/hc-room-05.jpg\" target=\"_self\"><img decoding=\"async\" src=\"http:\/\/www.hotelcentral.ba\/wp-content\/uploads\/2015\/08\/hc-room-05.jpg\" alt=\"\"\/><\/a><\/div><\/div><\/li><li class=\"fusion-carousel-item\"><div class=\"fusion-carousel-item-wrapper\"><div class=\"fusion-image-wrapper hover-type-zoomin\"><a data-rel=\"iLightbox[image_carousel_2]\" href=\"http:\/\/www.hotelcentral.ba\/wp-content\/uploads\/2015\/08\/hc-room-06.jpg\" target=\"_self\"><img decoding=\"async\" src=\"http:\/\/www.hotelcentral.ba\/wp-content\/uploads\/2015\/08\/hc-room-06.jpg\" alt=\"\"\/><\/a><\/div><\/div><\/li><li class=\"fusion-carousel-item\"><div class=\"fusion-carousel-item-wrapper\"><div class=\"fusion-image-wrapper hover-type-zoomin\"><a data-rel=\"iLightbox[image_carousel_2]\" href=\"http:\/\/www.hotelcentral.ba\/wp-content\/uploads\/2015\/08\/hc-room-02-2.jpg\" target=\"_self\"><img decoding=\"async\" src=\"http:\/\/www.hotelcentral.ba\/wp-content\/uploads\/2015\/08\/hc-room-02-2.jpg\" alt=\"\"\/><\/a><\/div><\/div><\/li><li class=\"fusion-carousel-item\"><div class=\"fusion-carousel-item-wrapper\"><div class=\"fusion-image-wrapper hover-type-zoomin\"><a data-rel=\"iLightbox[image_carousel_2]\" href=\"http:\/\/www.hotelcentral.ba\/wp-content\/uploads\/2015\/08\/hc-room-03-1.jpg\" target=\"_self\"><img decoding=\"async\" src=\"http:\/\/www.hotelcentral.ba\/wp-content\/uploads\/2015\/08\/hc-room-03-1.jpg\" alt=\"\"\/><\/a><\/div><\/div><\/li><\/ul><div class=\"fusion-carousel-nav\"><span class=\"fusion-nav-prev\"><\/span><span class=\"fusion-nav-next\"><\/span><\/div><\/div><\/div><\/div><div class=\"fusion-clearfix\"><\/div><\/div><\/div><\/div><style type=\"text\/css\">.fusion-fullwidth.fusion-builder-row-1 { overflow:visible; }<\/style><\/div>\n","protected":false},"excerpt":{"rendered":"","protected":false},"author":2,"featured_media":0,"parent":0,"menu_order":18,"comment_status":"closed","ping_status":"closed","template":"","meta":{"footnotes":""},"_links":{"self":[{"href":"https:\/\/www.hotelcentral.ba\/bs\/wp-json\/wp\/v2\/pages\/1880"}],"collection":[{"href":"https:\/\/www.hotelcentral.ba\/bs\/wp-json\/wp\/v2\/pages"}],"about":[{"href":"https:\/\/www.hotelcentral.ba\/bs\/wp-json\/wp\/v2\/types\/page"}],"author":[{"embeddable":true,"href":"https:\/\/www.hotelcentral.ba\/bs\/wp-json\/wp\/v2\/users\/2"}],"replies":[{"embeddable":true,"href":"https:\/\/www.hotelcentral.ba\/bs\/wp-json\/wp\/v2\/comments?post=1880"}],"version-history":[{"count":5,"href":"https:\/\/www.hotelcentral.ba\/bs\/wp-json\/wp\/v2\/pages\/1880\/revisions"}],"predecessor-version":[{"id":2101,"href":"https:\/\/www.hotelcentral.ba\/bs\/wp-json\/wp\/v2\/pages\/1880\/revisions\/2101"}],"wp:attachment":[{"href":"https:\/\/www.hotelcentral.ba\/bs\/wp-json\/wp\/v2\/media?parent=1880"}],"curies":[{"name":"wp","href":"https:\/\/api.w.org\/{rel}","templated":true}]}}