{"id":1883,"date":"2015-08-23T11:52:17","date_gmt":"2015-08-23T11:52:17","guid":{"rendered":"http:\/\/hotelcentral.sayber.com\/bs\/about\/"},"modified":"2024-06-01T07:09:04","modified_gmt":"2024-06-01T07:09:04","slug":"about","status":"publish","type":"page","link":"https:\/\/www.hotelcentral.ba\/bs\/about\/","title":{"rendered":"O nama"},"content":{"rendered":"<div class=\"fusion-fullwidth fullwidth-box fusion-builder-row-1 nonhundred-percent-fullwidth non-hundred-percent-height-scrolling\" style=\"background-color: rgba(255,255,255,0);background-position: center center;background-repeat: no-repeat;padding-top:0px;padding-right:0px;padding-bottom:0px;padding-left:0px;margin-bottom: 0px;margin-top: 0px;border-width: 0px 0px 0px 0px;border-color:#eae9e9;border-style:solid;\" ><div class=\"fusion-builder-row fusion-row\"><div class=\"fusion-layout-column fusion_builder_column fusion-builder-column-0 fusion_builder_column_1_1 1_1 fusion-one-full fusion-column-first fusion-column-last\" style=\"margin-top:0px;margin-bottom:0px;\"><div class=\"fusion-column-wrapper fusion-flex-column-wrapper-legacy\" style=\"background-position:left top;background-repeat:no-repeat;-webkit-background-size:cover;-moz-background-size:cover;-o-background-size:cover;background-size:cover;padding: 0px 0px 0px 0px;\"><div class=\"fusion-text fusion-text-1\" style=\"transform:translate3d(0,0,0);\"><p>Do\u017eivite potpuni \u0161arm Starog grada Sarajeva u na\u0161em hotelu sa \u010detiri zvjezdice, koji je u vlasni\u0161tvu irske kompanije.<\/p>\n<p>Smje\u0161ten u srcu Starog grada Sarajeva, Hotel Central spaja tradicionalno irsko gostoprimstvo sa bosanskim \u0161armom, nude\u0107i vam zaista jedinstven boravak. Nalazi se na samo nekoliko koraka od istorijskih znamenitosti kao \u0161to su Stari dio grada, Ba\u0161\u010dar\u0161ijski trg i sarajevska Katedrala, \u010dine\u0107i ga savr\u0161enom polaznom ta\u010dkom za istra\u017eivanje bogate kulture i istorije Sarajeva.<\/p>\n<p>Svaka od na\u0161ih renoviranih, dobro opremljenih soba ure\u0111ena je modernim sadr\u017eajima i elegantnim enterijerom, pru\u017eaju\u0107i maksimalnu udobnost. Zapo\u010dnite dan ukusnim doru\u010dkom na bazi \u0161vedskog stola i bosanskom kafom u na\u0161em hotelskom restoranu.<\/p>\n<p>Nakon dana provedenog u razgledanju, opustite se u na\u0161oj finskoj sauni, parnoj kupelji i bazenu od 25 metara, kao i u vrhunskom fitnes centru koji se prostire na tri eta\u017ee. Ljubazno i pa\u017eljivo osoblje na\u0161eg hotela uvijek je pri ruci kako bi vam osiguralo nezaboravan boravak.<\/p>\n<p>Bilo da posje\u0107ujete Sarajevo zbog posla ili zadovoljstva, Hotel Central nudi savr\u0161en spoj udobnosti i gostoprimstva za zaista nezaboravno iskustvo.<\/p>\n<\/div><div class=\"fusion-clearfix\"><\/div><\/div><\/div><\/div><\/div>\n","protected":false},"excerpt":{"rendered":"","protected":false},"author":2,"featured_media":0,"parent":0,"menu_order":16,"comment_status":"closed","ping_status":"closed","template":"","meta":{"footnotes":""},"_links":{"self":[{"href":"https:\/\/www.hotelcentral.ba\/bs\/wp-json\/wp\/v2\/pages\/1883"}],"collection":[{"href":"https:\/\/www.hotelcentral.ba\/bs\/wp-json\/wp\/v2\/pages"}],"about":[{"href":"https:\/\/www.hotelcentral.ba\/bs\/wp-json\/wp\/v2\/types\/page"}],"author":[{"embeddable":true,"href":"https:\/\/www.hotelcentral.ba\/bs\/wp-json\/wp\/v2\/users\/2"}],"replies":[{"embeddable":true,"href":"https:\/\/www.hotelcentral.ba\/bs\/wp-json\/wp\/v2\/comments?post=1883"}],"version-history":[{"count":1,"href":"https:\/\/www.hotelcentral.ba\/bs\/wp-json\/wp\/v2\/pages\/1883\/revisions"}],"predecessor-version":[{"id":3247,"href":"https:\/\/www.hotelcentral.ba\/bs\/wp-json\/wp\/v2\/pages\/1883\/revisions\/3247"}],"wp:attachment":[{"href":"https:\/\/www.hotelcentral.ba\/bs\/wp-json\/wp\/v2\/media?parent=1883"}],"curies":[{"name":"wp","href":"https:\/\/api.w.org\/{rel}","templated":true}]}}