{"id":1886,"date":"2015-08-23T11:53:16","date_gmt":"2015-08-23T11:53:16","guid":{"rendered":"http:\/\/hotelcentral.sayber.com\/bs\/westwood-club-spa\/"},"modified":"2017-06-02T12:35:55","modified_gmt":"2017-06-02T12:35:55","slug":"westwood-club-spa","status":"publish","type":"page","link":"https:\/\/www.hotelcentral.ba\/bs\/westwood-club-spa\/","title":{"rendered":"West Wood Club&#038;SPA"},"content":{"rendered":"<div class=\"fusion-fullwidth fullwidth-box fusion-builder-row-1 hundred-percent-fullwidth non-hundred-percent-height-scrolling\" style=\"background-color: rgba(255,255,255,0);background-position: center center;background-repeat: no-repeat;padding-top:0px;padding-right:0px;padding-bottom:0px;padding-left:0px;margin-bottom: 0px;margin-top: 0px;border-width: 0px 0px 0px 0px;border-color:#eae9e9;border-style:solid;\" ><div class=\"fusion-builder-row fusion-row\"><div class=\"fusion-layout-column fusion_builder_column fusion-builder-column-0 fusion_builder_column_1_1 1_1 fusion-one-full fusion-column-first fusion-column-last fusion-column-no-min-height\" style=\"margin-top:0px;margin-bottom:0px;\"><div class=\"fusion-column-wrapper fusion-flex-column-wrapper-legacy\" style=\"background-position:left top;background-repeat:no-repeat;-webkit-background-size:cover;-moz-background-size:cover;-o-background-size:cover;background-size:cover;padding: 0px 0px 0px 0px;\"><div class=\"fusion-text fusion-text-1\" style=\"transform:translate3d(0,0,0);\"><p>Tragate za svjetski renomiranim klubom zdravlja u kojem vam se garantira postizanje fantasti\u010dnih rezultata i u\u017eivanje u svakoj posjeti?<\/p>\n<p>Onda \u0107e vam se dopasti i NOVI West Wood Club&amp;Spa.<\/p>\n<p>Smje\u0161ten u hotelu Central u Sarajevu, West Wood vam nudi sve \u0161to vam treba da bi ste sjajno izgledali i odli\u010dno se osje\u0107ali. Samo ovdje, na osam nivoa, nudi vam se najsavremenija oprema za fitness, skidanje kilograma, oblikovanje tijela, uljep\u0161avanje i opu\u0161tanje.<\/p>\n<p>Bilo da ste po\u010detnik ili redovno vje\u017ebate, na\u0161i stru\u010dni treneri i kvalificirano osoblje u\u010dinit \u0107e da se osje\u0107ate kao kod ku\u0107e.<\/p>\n<p>Kratki pregled sadr\u017eaja koje mo\u017eete o\u010dekivati u West Wood Klub &amp; Spa:<\/p>\n<ul>\n<li>Mr\u0161avite uz CardioVision program<\/li>\n<li>Oblikujte svoje tijelo uz pomo\u0107 najsavremenije opreme za toniziranje mi\u0161i\u0107a<\/li>\n<li>U\u017eivajte u kondicionim vje\u017ebama na GRATIS \u010dasovima za grupe<\/li>\n<li>Oja\u010dajte i izgradite mi\u0161i\u0107e uz pomo\u0107 tegova<\/li>\n<li>Ostvarite idealnu te\u017einu sa dokazanim programom \u201erezultati po mjeri\u201c<\/li>\n<li>Postavite dobru osnovu uz pomo\u0107 na\u0161ih kvalificiranih li\u010dnih trenera koji \u0107e vam dati GRATIS upute<\/li>\n<li>Birajte me\u0111u 80 GRATIS \u010dasova svakog mjeseca<\/li>\n<li>U\u017eivajte u GRATIS personaliziranim programima za dovo\u0111enje u formu<\/li>\n<li>Plivajte u na\u0161em luksuznom 25-metarskom zagrijanom bazenu<\/li>\n<li>Opustite se u sauni. Povratite energiju u parnoj kupki. Odmarajte se u toplom kupatilu. Rashladite se u hladnom bazenu.<\/li>\n<li>Po\u010dastite se paletom tretmana svjetske kvalitete u bilo kojoj od na\u0161ih 6 rasko\u0161nih terapijskih soba za masa\u017eu, tretman lica, pedikuru, manikuru i jo\u0161 mnogo toga<\/li>\n<\/ul>\n<p>Otkrijte kako vam mo\u017eemo pomo\u0107i da sjajno izgledate i tako se osje\u0107ate?<\/p>\n<p>Kontaktirajte nas ve\u0107 DANAS kako bi ste dogovorili privatni obilazak na\u0161ih sadr\u017eaja.<\/p>\n<\/div><div class=\"fusion-clearfix\"><\/div><\/div><\/div><\/div><style type=\"text\/css\">.fusion-fullwidth.fusion-builder-row-1 { overflow:visible; }<\/style><\/div>\n","protected":false},"excerpt":{"rendered":"","protected":false},"author":2,"featured_media":0,"parent":0,"menu_order":20,"comment_status":"closed","ping_status":"closed","template":"","meta":{"footnotes":""},"_links":{"self":[{"href":"https:\/\/www.hotelcentral.ba\/bs\/wp-json\/wp\/v2\/pages\/1886"}],"collection":[{"href":"https:\/\/www.hotelcentral.ba\/bs\/wp-json\/wp\/v2\/pages"}],"about":[{"href":"https:\/\/www.hotelcentral.ba\/bs\/wp-json\/wp\/v2\/types\/page"}],"author":[{"embeddable":true,"href":"https:\/\/www.hotelcentral.ba\/bs\/wp-json\/wp\/v2\/users\/2"}],"replies":[{"embeddable":true,"href":"https:\/\/www.hotelcentral.ba\/bs\/wp-json\/wp\/v2\/comments?post=1886"}],"version-history":[{"count":1,"href":"https:\/\/www.hotelcentral.ba\/bs\/wp-json\/wp\/v2\/pages\/1886\/revisions"}],"predecessor-version":[{"id":1998,"href":"https:\/\/www.hotelcentral.ba\/bs\/wp-json\/wp\/v2\/pages\/1886\/revisions\/1998"}],"wp:attachment":[{"href":"https:\/\/www.hotelcentral.ba\/bs\/wp-json\/wp\/v2\/media?parent=1886"}],"curies":[{"name":"wp","href":"https:\/\/api.w.org\/{rel}","templated":true}]}}