{"id":1889,"date":"2015-08-23T17:40:19","date_gmt":"2015-08-23T17:40:19","guid":{"rendered":"http:\/\/hotelcentral.sayber.com\/bs\/restaurant-west-point\/"},"modified":"2024-06-01T07:37:55","modified_gmt":"2024-06-01T07:37:55","slug":"restaurant-central","status":"publish","type":"page","link":"https:\/\/www.hotelcentral.ba\/bs\/facilities\/restaurant-central\/","title":{"rendered":"Restoran Central"},"content":{"rendered":"<div class=\"fusion-fullwidth fullwidth-box fusion-builder-row-1 hundred-percent-fullwidth non-hundred-percent-height-scrolling\" style=\"background-color: rgba(255,255,255,0);background-position: center center;background-repeat: no-repeat;padding-top:0px;padding-right:0px;padding-bottom:0px;padding-left:0px;margin-bottom: 0px;margin-top: 0px;border-width: 0px 0px 0px 0px;border-color:#eae9e9;border-style:solid;\" ><div class=\"fusion-builder-row fusion-row\"><div class=\"fusion-layout-column fusion_builder_column fusion-builder-column-0 fusion_builder_column_1_1 1_1 fusion-one-full fusion-column-first fusion-column-last fusion-column-no-min-height\" style=\"margin-top:0px;margin-bottom:0px;\"><div class=\"fusion-column-wrapper fusion-flex-column-wrapper-legacy\" style=\"background-position:left top;background-repeat:no-repeat;-webkit-background-size:cover;-moz-background-size:cover;-o-background-size:cover;background-size:cover;padding: 0px 0px 0px 0px;\"><div class=\"fusion-text fusion-text-1\" style=\"transform:translate3d(0,0,0);\"><p>Smje\u0161ten u srcu Sarajeva, Hotel Central je mirna oaza u kojoj svako jutro po\u010dinje divnim iskustvom svje\u017ee pripremljenog doru\u010dka. Zapo\u010dnite dan u na\u0161em \u0161armantnom restoranu, gdje vas o\u010dekuje primamljiv izbor doma\u0107ih delicija i internacionalnih jela.<\/p>\n<p>Osim izuzetne ponude doru\u010dka, na upit nudimo i ru\u010dak za poslovne doga\u0111aje. Bilo da organizujete poslovni sastanak, konferenciju ili seminar, na\u0161 kulinarski tim \u0107e osmisliti jelovnik po mjeri, osiguravaju\u0107i nezaboravno iskustvo objedovanja va\u0161im gostima.<\/p>\n<\/div><div class=\"fusion-image-carousel fusion-image-carousel-auto lightbox-enabled\"><div class=\"fusion-carousel\" data-autoplay=\"yes\" data-columns=\"3\" data-itemmargin=\"10\" data-itemwidth=\"180\" data-touchscroll=\"yes\" data-imagesize=\"auto\" data-scrollitems=\"3\"><div class=\"fusion-carousel-positioner\"><ul class=\"fusion-carousel-holder\"><li class=\"fusion-carousel-item\"><div class=\"fusion-carousel-item-wrapper\"><div class=\"fusion-image-wrapper hover-type-zoomin\"><img decoding=\"async\" width=\"585\" height=\"428\" src=\"https:\/\/www.hotelcentral.ba\/wp-content\/uploads\/2024\/05\/breakfast1-e1716631351496.jpg\" class=\"attachment-full size-full\" alt=\"\" \/><\/div><\/div><\/li><li class=\"fusion-carousel-item\"><div class=\"fusion-carousel-item-wrapper\"><div class=\"fusion-image-wrapper hover-type-zoomin\"><img decoding=\"async\" width=\"570\" height=\"428\" src=\"https:\/\/www.hotelcentral.ba\/wp-content\/uploads\/2024\/05\/breakfast2.jpg\" class=\"attachment-full size-full\" alt=\"\" srcset=\"https:\/\/www.hotelcentral.ba\/wp-content\/uploads\/2024\/05\/breakfast2-200x150.jpg 200w, https:\/\/www.hotelcentral.ba\/wp-content\/uploads\/2024\/05\/breakfast2-400x300.jpg 400w, https:\/\/www.hotelcentral.ba\/wp-content\/uploads\/2024\/05\/breakfast2.jpg 570w\" sizes=\"(min-width: 2200px) 100vw, (min-width: 1129px) 505px, (min-width: 1037px) 758px, (min-width: 945px) 1037px, \" \/><\/div><\/div><\/li><li class=\"fusion-carousel-item\"><div class=\"fusion-carousel-item-wrapper\"><div class=\"fusion-image-wrapper hover-type-zoomin\"><img decoding=\"async\" width=\"698\" height=\"428\" src=\"https:\/\/www.hotelcentral.ba\/wp-content\/uploads\/2024\/05\/breakfast3-e1716631320791.jpg\" class=\"attachment-full size-full\" alt=\"\" \/><\/div><\/div><\/li><li class=\"fusion-carousel-item\"><div class=\"fusion-carousel-item-wrapper\"><div class=\"fusion-image-wrapper hover-type-zoomin\"><img decoding=\"async\" width=\"570\" height=\"428\" src=\"https:\/\/www.hotelcentral.ba\/wp-content\/uploads\/2024\/06\/dorucak1.jpg\" class=\"attachment-full size-full\" alt=\"\" srcset=\"https:\/\/www.hotelcentral.ba\/wp-content\/uploads\/2024\/06\/dorucak1-200x150.jpg 200w, https:\/\/www.hotelcentral.ba\/wp-content\/uploads\/2024\/06\/dorucak1-400x300.jpg 400w, https:\/\/www.hotelcentral.ba\/wp-content\/uploads\/2024\/06\/dorucak1.jpg 570w\" sizes=\"(min-width: 2200px) 100vw, (min-width: 1129px) 505px, (min-width: 1037px) 758px, (min-width: 945px) 1037px, \" \/><\/div><\/div><\/li><li class=\"fusion-carousel-item\"><div class=\"fusion-carousel-item-wrapper\"><div class=\"fusion-image-wrapper hover-type-zoomin\"><img decoding=\"async\" width=\"570\" height=\"428\" src=\"https:\/\/www.hotelcentral.ba\/wp-content\/uploads\/2024\/06\/dorucak2.jpg\" class=\"attachment-full size-full\" alt=\"\" srcset=\"https:\/\/www.hotelcentral.ba\/wp-content\/uploads\/2024\/06\/dorucak2-200x150.jpg 200w, https:\/\/www.hotelcentral.ba\/wp-content\/uploads\/2024\/06\/dorucak2-400x300.jpg 400w, https:\/\/www.hotelcentral.ba\/wp-content\/uploads\/2024\/06\/dorucak2.jpg 570w\" sizes=\"(min-width: 2200px) 100vw, (min-width: 1129px) 505px, (min-width: 1037px) 758px, (min-width: 945px) 1037px, \" \/><\/div><\/div><\/li><li class=\"fusion-carousel-item\"><div class=\"fusion-carousel-item-wrapper\"><div class=\"fusion-image-wrapper hover-type-zoomin\"><img decoding=\"async\" width=\"570\" height=\"428\" src=\"https:\/\/www.hotelcentral.ba\/wp-content\/uploads\/2024\/06\/dorucak3.jpg\" class=\"attachment-full size-full\" alt=\"\" srcset=\"https:\/\/www.hotelcentral.ba\/wp-content\/uploads\/2024\/06\/dorucak3-200x150.jpg 200w, https:\/\/www.hotelcentral.ba\/wp-content\/uploads\/2024\/06\/dorucak3-400x300.jpg 400w, https:\/\/www.hotelcentral.ba\/wp-content\/uploads\/2024\/06\/dorucak3.jpg 570w\" sizes=\"(min-width: 2200px) 100vw, (min-width: 1129px) 505px, (min-width: 1037px) 758px, (min-width: 945px) 1037px, \" \/><\/div><\/div><\/li><li class=\"fusion-carousel-item\"><div class=\"fusion-carousel-item-wrapper\"><div class=\"fusion-image-wrapper hover-type-zoomin\"><img decoding=\"async\" width=\"570\" height=\"428\" src=\"https:\/\/www.hotelcentral.ba\/wp-content\/uploads\/2024\/06\/dorucak4.jpg\" class=\"attachment-full size-full\" alt=\"\" srcset=\"https:\/\/www.hotelcentral.ba\/wp-content\/uploads\/2024\/06\/dorucak4-200x150.jpg 200w, https:\/\/www.hotelcentral.ba\/wp-content\/uploads\/2024\/06\/dorucak4-400x300.jpg 400w, https:\/\/www.hotelcentral.ba\/wp-content\/uploads\/2024\/06\/dorucak4.jpg 570w\" sizes=\"(min-width: 2200px) 100vw, (min-width: 1129px) 505px, (min-width: 1037px) 758px, (min-width: 945px) 1037px, \" \/><\/div><\/div><\/li><li class=\"fusion-carousel-item\"><div class=\"fusion-carousel-item-wrapper\"><div class=\"fusion-image-wrapper hover-type-zoomin\"><img decoding=\"async\" width=\"570\" height=\"428\" src=\"https:\/\/www.hotelcentral.ba\/wp-content\/uploads\/2024\/06\/dorucak5.jpg\" class=\"attachment-full size-full\" alt=\"\" srcset=\"https:\/\/www.hotelcentral.ba\/wp-content\/uploads\/2024\/06\/dorucak5-200x150.jpg 200w, https:\/\/www.hotelcentral.ba\/wp-content\/uploads\/2024\/06\/dorucak5-400x300.jpg 400w, https:\/\/www.hotelcentral.ba\/wp-content\/uploads\/2024\/06\/dorucak5.jpg 570w\" sizes=\"(min-width: 2200px) 100vw, (min-width: 1129px) 505px, (min-width: 1037px) 758px, (min-width: 945px) 1037px, \" \/><\/div><\/div><\/li><li class=\"fusion-carousel-item\"><div class=\"fusion-carousel-item-wrapper\"><div class=\"fusion-image-wrapper hover-type-zoomin\"><img decoding=\"async\" width=\"570\" height=\"428\" src=\"https:\/\/www.hotelcentral.ba\/wp-content\/uploads\/2024\/06\/dorucak6.jpg\" class=\"attachment-full size-full\" alt=\"\" srcset=\"https:\/\/www.hotelcentral.ba\/wp-content\/uploads\/2024\/06\/dorucak6-200x150.jpg 200w, https:\/\/www.hotelcentral.ba\/wp-content\/uploads\/2024\/06\/dorucak6-400x300.jpg 400w, https:\/\/www.hotelcentral.ba\/wp-content\/uploads\/2024\/06\/dorucak6.jpg 570w\" sizes=\"(min-width: 2200px) 100vw, (min-width: 1129px) 505px, (min-width: 1037px) 758px, (min-width: 945px) 1037px, \" \/><\/div><\/div><\/li><\/ul><div class=\"fusion-carousel-nav\"><span class=\"fusion-nav-prev\"><\/span><span class=\"fusion-nav-next\"><\/span><\/div><\/div><\/div><\/div><div class=\"fusion-clearfix\"><\/div><\/div><\/div><\/div><style type=\"text\/css\">.fusion-fullwidth.fusion-builder-row-1 { overflow:visible; }<\/style><\/div>\n","protected":false},"excerpt":{"rendered":"","protected":false},"author":2,"featured_media":0,"parent":1890,"menu_order":3,"comment_status":"closed","ping_status":"closed","template":"","meta":{"footnotes":""},"_links":{"self":[{"href":"https:\/\/www.hotelcentral.ba\/bs\/wp-json\/wp\/v2\/pages\/1889"}],"collection":[{"href":"https:\/\/www.hotelcentral.ba\/bs\/wp-json\/wp\/v2\/pages"}],"about":[{"href":"https:\/\/www.hotelcentral.ba\/bs\/wp-json\/wp\/v2\/types\/page"}],"author":[{"embeddable":true,"href":"https:\/\/www.hotelcentral.ba\/bs\/wp-json\/wp\/v2\/users\/2"}],"replies":[{"embeddable":true,"href":"https:\/\/www.hotelcentral.ba\/bs\/wp-json\/wp\/v2\/comments?post=1889"}],"version-history":[{"count":15,"href":"https:\/\/www.hotelcentral.ba\/bs\/wp-json\/wp\/v2\/pages\/1889\/revisions"}],"predecessor-version":[{"id":3273,"href":"https:\/\/www.hotelcentral.ba\/bs\/wp-json\/wp\/v2\/pages\/1889\/revisions\/3273"}],"up":[{"embeddable":true,"href":"https:\/\/www.hotelcentral.ba\/bs\/wp-json\/wp\/v2\/pages\/1890"}],"wp:attachment":[{"href":"https:\/\/www.hotelcentral.ba\/bs\/wp-json\/wp\/v2\/media?parent=1889"}],"curies":[{"name":"wp","href":"https:\/\/api.w.org\/{rel}","templated":true}]}}