{"id":1904,"date":"2015-08-23T11:54:04","date_gmt":"2015-08-23T11:54:04","guid":{"rendered":"http:\/\/hotelcentral.sayber.com\/bs\/specials\/"},"modified":"2024-11-05T11:32:14","modified_gmt":"2024-11-05T11:32:14","slug":"specials","status":"publish","type":"page","link":"https:\/\/www.hotelcentral.ba\/bs\/specials\/","title":{"rendered":"Posebna ponuda"},"content":{"rendered":"<p><div class=\"fusion-fullwidth fullwidth-box fusion-builder-row-1 hundred-percent-fullwidth non-hundred-percent-height-scrolling\" style=\"background-color: rgba(255,255,255,0);background-position: center center;background-repeat: no-repeat;padding-top:0px;padding-right:0px;padding-bottom:0px;padding-left:0px;margin-bottom: 0px;margin-top: 0px;border-width: 0px 0px 0px 0px;border-color:#eae9e9;border-style:solid;\" ><div class=\"fusion-builder-row fusion-row\"><div class=\"fusion-layout-column fusion_builder_column fusion-builder-column-0 fusion_builder_column_1_1 1_1 fusion-one-full fusion-column-first fusion-column-last fusion-column-no-min-height\" style=\"margin-top:0px;margin-bottom:0px;\"><div class=\"fusion-column-wrapper fusion-flex-column-wrapper-legacy\" style=\"background-position:left top;background-repeat:no-repeat;-webkit-background-size:cover;-moz-background-size:cover;-o-background-size:cover;background-size:cover;padding: 0px 0px 0px 0px;\"><div class=\"fusion-text fusion-text-1\" style=\"transform:translate3d(0,0,0);\"><p>Za sve na\u0161e drage goste pripremili smo ekskluzivne i posebne ponude. Da li dolazite poslovno ili na romanti\u010dni vikend, imamo ne\u0161to posebno za Vas!<\/p>\n<\/div><div class=\"fusion-clearfix\"><\/div><\/div><\/div><\/div><style type=\"text\/css\">.fusion-fullwidth.fusion-builder-row-1 { overflow:visible; }<\/style><\/div><div class=\"fusion-fullwidth fullwidth-box fusion-builder-row-2 nonhundred-percent-fullwidth non-hundred-percent-height-scrolling fusion-equal-height-columns\" style=\"background-color: rgba(255,255,255,0);background-position: center top;background-repeat: no-repeat;padding-top:0px;padding-right:0px;padding-bottom:100px;padding-left:0px;margin-bottom: 0px;margin-top: 0px;border-width: 0px 0px 0px 0px;border-color:#eae9e9;border-style:solid;\" ><div class=\"fusion-builder-row fusion-row\"><div class=\"fusion-layout-column fusion_builder_column fusion-builder-column-1 fusion_builder_column_1_2 1_2 fusion-one-half fusion-column-first\" style=\"width:48%; margin-right: 4%;margin-top:0px;margin-bottom:20px;\"><div class=\"fusion-column-wrapper fusion-flex-column-wrapper-legacy\" style=\"background-position:right bottom;background-repeat:no-repeat;-webkit-background-size:cover;-moz-background-size:cover;-o-background-size:cover;background-size:cover;background-color:#ffffff;border-width: 40px 40px 40px 40px;border-color:#e7eaee;border-style:solid;padding: 0px 0px 0px 0px;\"><div class=\"imageframe-align-center\"><span class=\" fusion-imageframe imageframe-none imageframe-1 hover-type-none\"><img decoding=\"async\" width=\"435\" height=\"145\" title=\"sarajevo\" src=\"http:\/\/www.hotelcentral.ba\/wp-content\/uploads\/2024\/10\/sarajevo.png\" class=\"img-responsive wp-image-3284\" srcset=\"https:\/\/www.hotelcentral.ba\/wp-content\/uploads\/2024\/10\/sarajevo-200x67.png 200w, https:\/\/www.hotelcentral.ba\/wp-content\/uploads\/2024\/10\/sarajevo-400x133.png 400w, https:\/\/www.hotelcentral.ba\/wp-content\/uploads\/2024\/10\/sarajevo.png 435w\" sizes=\"(max-width: 1105px) 100vw, 435px\" \/><\/span><\/div><div class=\"fusion-sep-clear\"><\/div><div class=\"fusion-separator fusion-full-width-sep\" style=\"margin-left: auto;margin-right: auto;margin-top:55px;width:100%;\"><\/div><div class=\"fusion-sep-clear\"><\/div><div class=\"fusion-text fusion-text-2\" style=\"transform:translate3d(0,0,0);\"><p style=\"letter-spacing: 4px; font-size: 13px; text-align: center; margin-bottom: 0px;\">Provedite bezbri\u017eni<\/p>\n<h1 style=\"text-align: center;\">Vikend u Sarajevu<\/h1>\n<\/div><div class=\"fusion-sep-clear\"><\/div><div class=\"fusion-separator\" style=\"margin-left: auto;margin-right: auto;margin-top:0px;margin-bottom:20px;width:100%;max-width:50px;\"><div class=\"fusion-separator-border sep-single sep-solid\" style=\"border-color:#cbaa5c;border-top-width:1px;\"><\/div><\/div><div class=\"fusion-sep-clear\"><\/div><div class=\"fusion-text fusion-text-3\" style=\"transform:translate3d(0,0,0);\"><p style=\"padding: 0 50px; text-align: center;\">U\u017eivajte u bezbri\u017enom<br \/>\nvikendu u Sarajevu!<\/p>\n<p style=\"text-align: center;\">Na\u0161a posebna ponuda uklju\u010duje (za dvije osobe):<\/p>\n<p style=\"text-align: center;\">Smje\u0161taj za jednu, dvije ili tri no\u0107i u standarnoj dvokrevetnoj sobi.<\/p>\n<p style=\"text-align: center;\"><strong>Cijena za 1 no\u0107 \u2013 75 EUR\u00a0<\/strong><\/p>\n<p style=\"text-align: center;\"><strong>2 no\u0107i \u2013 130 EUR<\/strong><\/p>\n<p style=\"text-align: center;\"><strong>3 no\u0107i \u2013 199 EUR<\/strong><\/p>\n<p style=\"text-align: center;\">Vikend paket vazi do kraja maja 2024.<\/p>\n<p style=\"text-align: center;\"><span class=\"ContentPasted1\"><a href=\"mailto:info@hotelcentral.ba\">info@hotelcentral.ba<\/a>\/+387-33-561-800<\/span><\/p>\n<\/div><div class=\"fusion-sep-clear\"><\/div><div class=\"fusion-separator fusion-full-width-sep\" style=\"margin-left: auto;margin-right: auto;margin-top:12px;width:100%;\"><\/div><div class=\"fusion-sep-clear\"><\/div><div class=\"fusion-aligncenter\"><style type=\"text\/css\">.fusion-button.button-1 {border-radius:0px;}<\/style><a class=\"fusion-button button-flat button-large button-default button-1 fusion-button-default-span \" target=\"_blank\" rel=\"noopener noreferrer\" href=\"https:\/\/live.ipms247.com\/booking\/book-rooms-hotelcentralsarajevo-hr-Croatian\"><span class=\"fusion-button-text fusion-button-text-right\">REZERVIRAJTE<\/span><span class=\"fusion-button-icon-divider button-icon-divider-right\"><i class=\" fa fa-angle-right\" aria-hidden=\"true\"><\/i><\/span><\/a><\/div><div class=\"fusion-sep-clear\"><\/div><div class=\"fusion-separator fusion-full-width-sep\" style=\"margin-left: auto;margin-right: auto;margin-top:45px;width:100%;\"><\/div><div class=\"fusion-sep-clear\"><\/div><div class=\"fusion-clearfix\"><\/div><\/div><\/div><div class=\"fusion-layout-column fusion_builder_column fusion-builder-column-2 fusion_builder_column_1_2 1_2 fusion-one-half fusion-column-last\" style=\"width:48%;margin-top:0px;margin-bottom:20px;\"><div class=\"fusion-column-wrapper fusion-flex-column-wrapper-legacy\" style=\"background-position:right bottom;background-repeat:no-repeat;-webkit-background-size:cover;-moz-background-size:cover;-o-background-size:cover;background-size:cover;background-color:#ffffff;border-width: 40px 40px 40px 40px;border-color:#e7eaee;border-style:solid;padding: 0px 0px 0px 0px;\"><div class=\"imageframe-align-center\"><span class=\" fusion-imageframe imageframe-none imageframe-2 hover-type-none\"><img decoding=\"async\" width=\"435\" height=\"145\" title=\"biznis-specials\" src=\"http:\/\/www.hotelcentral.ba\/wp-content\/uploads\/2020\/12\/biznis-specials.jpg\" class=\"img-responsive wp-image-3057\" srcset=\"https:\/\/www.hotelcentral.ba\/wp-content\/uploads\/2020\/12\/biznis-specials-200x67.jpg 200w, https:\/\/www.hotelcentral.ba\/wp-content\/uploads\/2020\/12\/biznis-specials-400x133.jpg 400w, https:\/\/www.hotelcentral.ba\/wp-content\/uploads\/2020\/12\/biznis-specials.jpg 435w\" sizes=\"(max-width: 1105px) 100vw, 435px\" \/><\/span><\/div><div class=\"fusion-sep-clear\"><\/div><div class=\"fusion-separator fusion-full-width-sep\" style=\"margin-left: auto;margin-right: auto;margin-top:55px;width:100%;\"><\/div><div class=\"fusion-sep-clear\"><\/div><div class=\"fusion-text fusion-text-4\" style=\"transform:translate3d(0,0,0);\"><p style=\"letter-spacing: 4px; font-size: 13px; text-align: center; margin-bottom: 0px;\">Ukoliko ste<\/p>\n<h1 style=\"text-align: center;\">Poslom u Sarajevu<\/h1>\n<\/div><div class=\"fusion-sep-clear\"><\/div><div class=\"fusion-separator\" style=\"margin-left: auto;margin-right: auto;margin-top:0px;margin-bottom:20px;width:100%;max-width:50px;\"><div class=\"fusion-separator-border sep-single sep-solid\" style=\"border-color:#cbaa5c;border-top-width:1px;\"><\/div><\/div><div class=\"fusion-sep-clear\"><\/div><div class=\"fusion-text fusion-text-5\" style=\"transform:translate3d(0,0,0);\"><p style=\"padding: 0 50px; text-align: center;\">No\u0107enje u dvokreventnoj sobi \/ 1 osoba<br \/>\n(Mogu\u0107nost upgrade-a , ovisno o raspolo\u017eivosti)<\/p>\n<p style=\"padding: 0 50px; text-align: center;\">Besplatno kori\u0161tenje teretane, bazena, saune, &#8230;<\/p>\n<p style=\"text-align: center;\">Uklju\u010den doru\u010dak<\/p>\n<p style=\"padding: 0 50px; text-align: center;\">1 fla\u0161a vode besplatno<\/p>\n<p style=\"padding: 0 50px; text-align: center;\"><strong>Cijena po no\u0107i &#8211; 69 EUR<\/strong><\/p>\n<div style=\"text-align: center;\">Business paket va\u017ei do kraja maja 2024.<\/div>\n<div style=\"text-align: center;\"><\/div>\n<div style=\"text-align: center;\"><a href=\"mailto:info@hotelcentral.ba\">info@hotelcentral.ba<\/a>\/+387-33-561-800<\/div>\n<\/div><div class=\"fusion-sep-clear\"><\/div><div class=\"fusion-separator fusion-full-width-sep\" style=\"margin-left: auto;margin-right: auto;margin-top:12px;width:100%;\"><\/div><div class=\"fusion-sep-clear\"><\/div><div class=\"fusion-aligncenter\"><style type=\"text\/css\">.fusion-button.button-2 {border-radius:0px;}<\/style><a class=\"fusion-button button-flat button-large button-default button-2 fusion-button-default-span \" target=\"_blank\" rel=\"noopener noreferrer\" href=\"https:\/\/live.ipms247.com\/booking\/book-rooms-hotelcentralsarajevo-hr-Croatian\"><span class=\"fusion-button-text fusion-button-text-right\">REZERVIRAJTE<\/span><span class=\"fusion-button-icon-divider button-icon-divider-right\"><i class=\" fa fa-angle-right\" aria-hidden=\"true\"><\/i><\/span><\/a><\/div><div class=\"fusion-sep-clear\"><\/div><div class=\"fusion-separator fusion-full-width-sep\" style=\"margin-left: auto;margin-right: auto;margin-top:45px;width:100%;\"><\/div><div class=\"fusion-sep-clear\"><\/div><div class=\"fusion-clearfix\"><\/div><\/div><\/div><\/div><\/div><\/p>\n","protected":false},"excerpt":{"rendered":"","protected":false},"author":2,"featured_media":0,"parent":0,"menu_order":24,"comment_status":"closed","ping_status":"closed","template":"","meta":{"footnotes":""},"_links":{"self":[{"href":"https:\/\/www.hotelcentral.ba\/bs\/wp-json\/wp\/v2\/pages\/1904"}],"collection":[{"href":"https:\/\/www.hotelcentral.ba\/bs\/wp-json\/wp\/v2\/pages"}],"about":[{"href":"https:\/\/www.hotelcentral.ba\/bs\/wp-json\/wp\/v2\/types\/page"}],"author":[{"embeddable":true,"href":"https:\/\/www.hotelcentral.ba\/bs\/wp-json\/wp\/v2\/users\/2"}],"replies":[{"embeddable":true,"href":"https:\/\/www.hotelcentral.ba\/bs\/wp-json\/wp\/v2\/comments?post=1904"}],"version-history":[{"count":29,"href":"https:\/\/www.hotelcentral.ba\/bs\/wp-json\/wp\/v2\/pages\/1904\/revisions"}],"predecessor-version":[{"id":3287,"href":"https:\/\/www.hotelcentral.ba\/bs\/wp-json\/wp\/v2\/pages\/1904\/revisions\/3287"}],"wp:attachment":[{"href":"https:\/\/www.hotelcentral.ba\/bs\/wp-json\/wp\/v2\/media?parent=1904"}],"curies":[{"name":"wp","href":"https:\/\/api.w.org\/{rel}","templated":true}]}}