{"id":2040,"date":"2018-02-10T16:17:56","date_gmt":"2018-02-10T16:17:56","guid":{"rendered":"http:\/\/www.hotelcentral.ba\/?page_id=2040"},"modified":"2020-12-16T17:48:37","modified_gmt":"2020-12-16T17:48:37","slug":"sastanci-dogadaji-slavlja","status":"publish","type":"page","link":"https:\/\/www.hotelcentral.ba\/bs\/facilities\/sastanci-dogadaji-slavlja\/","title":{"rendered":"Sastanci \/ Doga\u0111aji \/ Slavlja"},"content":{"rendered":"<div class=\"fusion-fullwidth fullwidth-box fusion-builder-row-1 nonhundred-percent-fullwidth non-hundred-percent-height-scrolling\" style=\"background-color: rgba(255,255,255,0);background-position: center center;background-repeat: no-repeat;padding-top:0px;padding-right:0px;padding-bottom:0px;padding-left:0px;margin-bottom: 0px;margin-top: 0px;border-width: 0px 0px 0px 0px;border-color:#eae9e9;border-style:solid;\" ><div class=\"fusion-builder-row fusion-row\"><div class=\"fusion-layout-column fusion_builder_column fusion-builder-column-0 fusion_builder_column_1_1 1_1 fusion-one-full fusion-column-first fusion-column-last\" style=\"margin-top:0px;margin-bottom:0px;\"><div class=\"fusion-column-wrapper fusion-flex-column-wrapper-legacy\" style=\"background-position:left top;background-repeat:no-repeat;-webkit-background-size:cover;-moz-background-size:cover;-o-background-size:cover;background-size:cover;padding: 0px 0px 0px 0px;\"><div class=\"fusion-text fusion-text-1\" style=\"transform:translate3d(0,0,0);\"><p><strong>Hotel Central Sarajevo<\/strong>, (4 zvjezdice) luksuzne kategorije se nalazi u samom centru Sarajeva, u blizini sarajevske Katedrale.<\/p>\n<p>Hotel raspola\u017ee sa 32 soba. Ukupan smje\u0161tajni kapacitet maksimalno za 65-70 osoba.<\/p>\n<p>Dobra pozicioniranost i odgovaraju\u0107i hotelski sadr\u017eaji \u010dine Hotel Central Sarajevo jako zanimljivim za organizaciju razli\u010ditih vrsta skupova, seminara, konferencija, radionica, prezentacija, vjen\u010danja i poslovnih ru\u010dkova. Spojite svoje poslovne obaveze s u\u017eitkom i impresionirajte svoje poslovne partnere organizacijom poslovnog skupa u na\u0161em hotelu. Konferencijska sala smje\u0161tena je na tre\u0107em spratu, u dijelu odvojenom od smje\u0161tajnih jedinica \u0161to garantira mir i privatnost. U potpunosti je opremljena svom potrebnom informati\u010dkom opremom te udovoljava potrebama za organizacijom svih vrsta skupova.<\/p>\n<p>Moderno i lijepo ure\u0111ena sala sa svim prate\u0107im sadr\u017eajima ima mogu\u0107nost promjene postava ovisno o broju sudionika i vrsti samog doga\u0111aja, a maksimalni kapacitet joj je 60-70sjede\u0107ih mjesta.<\/p>\n<p>Povjerite nam organizaciju Va\u0161eg poslovnog doga\u0111aja i Va\u0161e \u0107e \u017eelje biti ostvarene, Va\u0161i poslovni partneri impresionirani, a time i va\u0161 poslovni rezultat garantiran.<\/p>\n<p><strong>Sve ponude i naknade za kori\u0161tenje sale za sastanke, dogadjaja i sve\u010danosti se formiraju prema individualnim upitima i zahtijevima, ovisno o elementima usluge (hotelski smje\u0161taj , sala za sastanke, hrana i pi\u0107e, kafe pauze&#8230;).<\/strong><\/p>\n<\/div><div class=\"fusion-image-carousel fusion-image-carousel-fixed lightbox-enabled fusion-carousel-border\"><div class=\"fusion-carousel\" data-autoplay=\"yes\" data-columns=\"6\" data-itemmargin=\"10\" data-itemwidth=\"180\" data-touchscroll=\"no\" data-imagesize=\"fixed\"><div class=\"fusion-carousel-positioner\"><ul class=\"fusion-carousel-holder\"><li class=\"fusion-carousel-item\"><div class=\"fusion-carousel-item-wrapper\"><div class=\"fusion-image-wrapper hover-type-zoomin\"><a data-rel=\"iLightbox[image_carousel_1]\" data-title=\"IMG_9289\" aria-label=\"IMG_9289\" href=\"http:\/\/www.hotelcentral.ba\/wp-content\/uploads\/2018\/02\/IMG_9289.jpg\" target=\"_self\"><img decoding=\"async\" width=\"320\" height=\"202\" src=\"https:\/\/www.hotelcentral.ba\/wp-content\/uploads\/2018\/02\/IMG_9289-320x202.jpg\" class=\"attachment-blog-medium size-blog-medium\" alt=\"\" \/><\/a><\/div><\/div><\/li><li class=\"fusion-carousel-item\"><div class=\"fusion-carousel-item-wrapper\"><div class=\"fusion-image-wrapper hover-type-zoomin\"><a data-rel=\"iLightbox[image_carousel_1]\" data-title=\"IMG_9282\" aria-label=\"IMG_9282\" href=\"http:\/\/www.hotelcentral.ba\/wp-content\/uploads\/2018\/02\/IMG_9282.jpg\" target=\"_self\"><img decoding=\"async\" width=\"320\" height=\"202\" src=\"https:\/\/www.hotelcentral.ba\/wp-content\/uploads\/2018\/02\/IMG_9282-320x202.jpg\" class=\"attachment-blog-medium size-blog-medium\" alt=\"\" \/><\/a><\/div><\/div><\/li><li class=\"fusion-carousel-item\"><div class=\"fusion-carousel-item-wrapper\"><div class=\"fusion-image-wrapper hover-type-zoomin\"><a data-rel=\"iLightbox[image_carousel_1]\" data-title=\"IMG_9277\" aria-label=\"IMG_9277\" href=\"http:\/\/www.hotelcentral.ba\/wp-content\/uploads\/2018\/02\/IMG_9277.jpg\" target=\"_self\"><img decoding=\"async\" width=\"320\" height=\"202\" src=\"https:\/\/www.hotelcentral.ba\/wp-content\/uploads\/2018\/02\/IMG_9277-320x202.jpg\" class=\"attachment-blog-medium size-blog-medium\" alt=\"\" \/><\/a><\/div><\/div><\/li><li class=\"fusion-carousel-item\"><div class=\"fusion-carousel-item-wrapper\"><div class=\"fusion-image-wrapper hover-type-zoomin\"><a data-rel=\"iLightbox[image_carousel_1]\" data-title=\"IMG_9271\" aria-label=\"IMG_9271\" href=\"http:\/\/www.hotelcentral.ba\/wp-content\/uploads\/2018\/02\/IMG_9271.jpg\" target=\"_self\"><img decoding=\"async\" width=\"320\" height=\"202\" src=\"https:\/\/www.hotelcentral.ba\/wp-content\/uploads\/2018\/02\/IMG_9271-320x202.jpg\" class=\"attachment-blog-medium size-blog-medium\" alt=\"\" \/><\/a><\/div><\/div><\/li><li class=\"fusion-carousel-item\"><div class=\"fusion-carousel-item-wrapper\"><div class=\"fusion-image-wrapper hover-type-zoomin\"><a data-rel=\"iLightbox[image_carousel_1]\" data-title=\"IMG_9247\" aria-label=\"IMG_9247\" href=\"http:\/\/www.hotelcentral.ba\/wp-content\/uploads\/2018\/02\/IMG_9247.jpg\" target=\"_self\"><img decoding=\"async\" width=\"320\" height=\"202\" src=\"https:\/\/www.hotelcentral.ba\/wp-content\/uploads\/2018\/02\/IMG_9247-320x202.jpg\" class=\"attachment-blog-medium size-blog-medium\" alt=\"\" \/><\/a><\/div><\/div><\/li><li class=\"fusion-carousel-item\"><div class=\"fusion-carousel-item-wrapper\"><div class=\"fusion-image-wrapper hover-type-zoomin\"><a data-rel=\"iLightbox[image_carousel_1]\" data-title=\"IMG_9238\" aria-label=\"IMG_9238\" href=\"http:\/\/www.hotelcentral.ba\/wp-content\/uploads\/2018\/02\/IMG_9238.jpg\" target=\"_self\"><img decoding=\"async\" width=\"320\" height=\"202\" src=\"https:\/\/www.hotelcentral.ba\/wp-content\/uploads\/2018\/02\/IMG_9238-320x202.jpg\" class=\"attachment-blog-medium size-blog-medium\" alt=\"\" \/><\/a><\/div><\/div><\/li><li class=\"fusion-carousel-item\"><div class=\"fusion-carousel-item-wrapper\"><div class=\"fusion-image-wrapper hover-type-zoomin\"><a data-rel=\"iLightbox[image_carousel_1]\" data-title=\"IMG_9236\" aria-label=\"IMG_9236\" href=\"http:\/\/www.hotelcentral.ba\/wp-content\/uploads\/2018\/02\/IMG_9236.jpg\" target=\"_self\"><img decoding=\"async\" width=\"320\" height=\"202\" src=\"https:\/\/www.hotelcentral.ba\/wp-content\/uploads\/2018\/02\/IMG_9236-320x202.jpg\" class=\"attachment-blog-medium size-blog-medium\" alt=\"\" \/><\/a><\/div><\/div><\/li><li class=\"fusion-carousel-item\"><div class=\"fusion-carousel-item-wrapper\"><div class=\"fusion-image-wrapper hover-type-zoomin\"><a data-rel=\"iLightbox[image_carousel_1]\" data-title=\"IMG_9235\" aria-label=\"IMG_9235\" href=\"http:\/\/www.hotelcentral.ba\/wp-content\/uploads\/2018\/02\/IMG_9235.jpg\" target=\"_self\"><img decoding=\"async\" width=\"320\" height=\"202\" src=\"https:\/\/www.hotelcentral.ba\/wp-content\/uploads\/2018\/02\/IMG_9235-320x202.jpg\" class=\"attachment-blog-medium size-blog-medium\" alt=\"\" \/><\/a><\/div><\/div><\/li><li class=\"fusion-carousel-item\"><div class=\"fusion-carousel-item-wrapper\"><div class=\"fusion-image-wrapper hover-type-zoomin\"><a data-rel=\"iLightbox[image_carousel_1]\" data-title=\"IMG_9232\" aria-label=\"IMG_9232\" href=\"http:\/\/www.hotelcentral.ba\/wp-content\/uploads\/2018\/02\/IMG_9232.jpg\" target=\"_self\"><img decoding=\"async\" width=\"320\" height=\"202\" src=\"https:\/\/www.hotelcentral.ba\/wp-content\/uploads\/2018\/02\/IMG_9232-320x202.jpg\" class=\"attachment-blog-medium size-blog-medium\" alt=\"\" \/><\/a><\/div><\/div><\/li><li class=\"fusion-carousel-item\"><div class=\"fusion-carousel-item-wrapper\"><div class=\"fusion-image-wrapper hover-type-zoomin\"><a data-rel=\"iLightbox[image_carousel_1]\" data-title=\"IMG_9229\" aria-label=\"IMG_9229\" href=\"http:\/\/www.hotelcentral.ba\/wp-content\/uploads\/2018\/02\/IMG_9229.jpg\" target=\"_self\"><img decoding=\"async\" width=\"320\" height=\"202\" src=\"https:\/\/www.hotelcentral.ba\/wp-content\/uploads\/2018\/02\/IMG_9229-320x202.jpg\" class=\"attachment-blog-medium size-blog-medium\" alt=\"\" \/><\/a><\/div><\/div><\/li><li class=\"fusion-carousel-item\"><div class=\"fusion-carousel-item-wrapper\"><div class=\"fusion-image-wrapper hover-type-zoomin\"><a data-rel=\"iLightbox[image_carousel_1]\" data-title=\"IMG_9226\" aria-label=\"IMG_9226\" href=\"http:\/\/www.hotelcentral.ba\/wp-content\/uploads\/2018\/02\/IMG_9226.jpg\" target=\"_self\"><img decoding=\"async\" width=\"320\" height=\"202\" src=\"https:\/\/www.hotelcentral.ba\/wp-content\/uploads\/2018\/02\/IMG_9226-320x202.jpg\" class=\"attachment-blog-medium size-blog-medium\" alt=\"\" \/><\/a><\/div><\/div><\/li><li class=\"fusion-carousel-item\"><div class=\"fusion-carousel-item-wrapper\"><div class=\"fusion-image-wrapper hover-type-zoomin\"><a data-rel=\"iLightbox[image_carousel_1]\" data-title=\"IMG_9223\" aria-label=\"IMG_9223\" href=\"http:\/\/www.hotelcentral.ba\/wp-content\/uploads\/2018\/02\/IMG_9223.jpg\" target=\"_self\"><img decoding=\"async\" width=\"320\" height=\"202\" src=\"https:\/\/www.hotelcentral.ba\/wp-content\/uploads\/2018\/02\/IMG_9223-320x202.jpg\" class=\"attachment-blog-medium size-blog-medium\" alt=\"\" \/><\/a><\/div><\/div><\/li><li class=\"fusion-carousel-item\"><div class=\"fusion-carousel-item-wrapper\"><div class=\"fusion-image-wrapper hover-type-zoomin\"><a data-rel=\"iLightbox[image_carousel_1]\" data-title=\"IMG_9217\" aria-label=\"IMG_9217\" href=\"http:\/\/www.hotelcentral.ba\/wp-content\/uploads\/2018\/02\/IMG_9217.jpg\" target=\"_self\"><img decoding=\"async\" width=\"320\" height=\"202\" src=\"https:\/\/www.hotelcentral.ba\/wp-content\/uploads\/2018\/02\/IMG_9217-320x202.jpg\" class=\"attachment-blog-medium size-blog-medium\" alt=\"\" \/><\/a><\/div><\/div><\/li><li class=\"fusion-carousel-item\"><div class=\"fusion-carousel-item-wrapper\"><div class=\"fusion-image-wrapper hover-type-zoomin\"><a data-rel=\"iLightbox[image_carousel_1]\" data-title=\"IMG_9216\" aria-label=\"IMG_9216\" href=\"http:\/\/www.hotelcentral.ba\/wp-content\/uploads\/2018\/02\/IMG_9216.jpg\" target=\"_self\"><img decoding=\"async\" width=\"320\" height=\"202\" src=\"https:\/\/www.hotelcentral.ba\/wp-content\/uploads\/2018\/02\/IMG_9216-320x202.jpg\" class=\"attachment-blog-medium size-blog-medium\" alt=\"\" \/><\/a><\/div><\/div><\/li><li class=\"fusion-carousel-item\"><div class=\"fusion-carousel-item-wrapper\"><div class=\"fusion-image-wrapper hover-type-zoomin\"><a data-rel=\"iLightbox[image_carousel_1]\" data-title=\"IMG_9210\" aria-label=\"IMG_9210\" href=\"http:\/\/www.hotelcentral.ba\/wp-content\/uploads\/2018\/02\/IMG_9210.jpg\" target=\"_self\"><img decoding=\"async\" width=\"320\" height=\"202\" src=\"https:\/\/www.hotelcentral.ba\/wp-content\/uploads\/2018\/02\/IMG_9210-320x202.jpg\" class=\"attachment-blog-medium size-blog-medium\" alt=\"\" \/><\/a><\/div><\/div><\/li><li class=\"fusion-carousel-item\"><div class=\"fusion-carousel-item-wrapper\"><div class=\"fusion-image-wrapper hover-type-zoomin\"><a data-rel=\"iLightbox[image_carousel_1]\" data-title=\"IMG_9202\" aria-label=\"IMG_9202\" href=\"http:\/\/www.hotelcentral.ba\/wp-content\/uploads\/2018\/02\/IMG_9202.jpg\" target=\"_self\"><img decoding=\"async\" width=\"320\" height=\"202\" src=\"https:\/\/www.hotelcentral.ba\/wp-content\/uploads\/2018\/02\/IMG_9202-320x202.jpg\" class=\"attachment-blog-medium size-blog-medium\" alt=\"\" \/><\/a><\/div><\/div><\/li><li class=\"fusion-carousel-item\"><div class=\"fusion-carousel-item-wrapper\"><div class=\"fusion-image-wrapper hover-type-zoomin\"><a data-rel=\"iLightbox[image_carousel_1]\" data-title=\"IMG_9183\" aria-label=\"IMG_9183\" href=\"http:\/\/www.hotelcentral.ba\/wp-content\/uploads\/2018\/02\/IMG_9183.jpg\" target=\"_self\"><img decoding=\"async\" width=\"320\" height=\"202\" src=\"https:\/\/www.hotelcentral.ba\/wp-content\/uploads\/2018\/02\/IMG_9183-320x202.jpg\" class=\"attachment-blog-medium size-blog-medium\" alt=\"\" \/><\/a><\/div><\/div><\/li><li class=\"fusion-carousel-item\"><div class=\"fusion-carousel-item-wrapper\"><div class=\"fusion-image-wrapper hover-type-zoomin\"><a data-rel=\"iLightbox[image_carousel_1]\" data-title=\"IMG_9180\" aria-label=\"IMG_9180\" href=\"http:\/\/www.hotelcentral.ba\/wp-content\/uploads\/2018\/02\/IMG_9180.jpg\" target=\"_self\"><img decoding=\"async\" width=\"320\" height=\"202\" src=\"https:\/\/www.hotelcentral.ba\/wp-content\/uploads\/2018\/02\/IMG_9180-320x202.jpg\" class=\"attachment-blog-medium size-blog-medium\" alt=\"\" \/><\/a><\/div><\/div><\/li><li class=\"fusion-carousel-item\"><div class=\"fusion-carousel-item-wrapper\"><div class=\"fusion-image-wrapper hover-type-zoomin\"><a data-rel=\"iLightbox[image_carousel_1]\" data-title=\"IMG_9177\" aria-label=\"IMG_9177\" href=\"http:\/\/www.hotelcentral.ba\/wp-content\/uploads\/2018\/02\/IMG_9177.jpg\" target=\"_self\"><img decoding=\"async\" width=\"320\" height=\"202\" src=\"https:\/\/www.hotelcentral.ba\/wp-content\/uploads\/2018\/02\/IMG_9177-320x202.jpg\" class=\"attachment-blog-medium size-blog-medium\" alt=\"\" \/><\/a><\/div><\/div><\/li><\/ul><div class=\"fusion-carousel-nav\"><span class=\"fusion-nav-prev\"><\/span><span class=\"fusion-nav-next\"><\/span><\/div><\/div><\/div><\/div><div class=\"fusion-clearfix\"><\/div><\/div><\/div><\/div><\/div>\n","protected":false},"excerpt":{"rendered":"","protected":false},"author":2,"featured_media":0,"parent":1890,"menu_order":0,"comment_status":"closed","ping_status":"closed","template":"","meta":{"footnotes":""},"_links":{"self":[{"href":"https:\/\/www.hotelcentral.ba\/bs\/wp-json\/wp\/v2\/pages\/2040"}],"collection":[{"href":"https:\/\/www.hotelcentral.ba\/bs\/wp-json\/wp\/v2\/pages"}],"about":[{"href":"https:\/\/www.hotelcentral.ba\/bs\/wp-json\/wp\/v2\/types\/page"}],"author":[{"embeddable":true,"href":"https:\/\/www.hotelcentral.ba\/bs\/wp-json\/wp\/v2\/users\/2"}],"replies":[{"embeddable":true,"href":"https:\/\/www.hotelcentral.ba\/bs\/wp-json\/wp\/v2\/comments?post=2040"}],"version-history":[{"count":4,"href":"https:\/\/www.hotelcentral.ba\/bs\/wp-json\/wp\/v2\/pages\/2040\/revisions"}],"predecessor-version":[{"id":3161,"href":"https:\/\/www.hotelcentral.ba\/bs\/wp-json\/wp\/v2\/pages\/2040\/revisions\/3161"}],"up":[{"embeddable":true,"href":"https:\/\/www.hotelcentral.ba\/bs\/wp-json\/wp\/v2\/pages\/1890"}],"wp:attachment":[{"href":"https:\/\/www.hotelcentral.ba\/bs\/wp-json\/wp\/v2\/media?parent=2040"}],"curies":[{"name":"wp","href":"https:\/\/api.w.org\/{rel}","templated":true}]}}