{"id":2747,"date":"2018-10-22T19:07:54","date_gmt":"2018-10-22T19:07:54","guid":{"rendered":"http:\/\/www.hotelcentral.ba\/rooms\/presidental-suite\/"},"modified":"2020-03-13T09:52:42","modified_gmt":"2020-03-13T09:52:42","slug":"predsjednicki-apartman","status":"publish","type":"page","link":"https:\/\/www.hotelcentral.ba\/bs\/rooms\/predsjednicki-apartman\/","title":{"rendered":"Predsjedni\u010dki apartman"},"content":{"rendered":"<div class=\"fusion-fullwidth fullwidth-box fusion-builder-row-1 nonhundred-percent-fullwidth non-hundred-percent-height-scrolling\" style=\"background-color: rgba(255,255,255,0);background-position: center center;background-repeat: no-repeat;padding-top:0px;padding-right:0px;padding-bottom:0px;padding-left:0px;margin-bottom: 0px;margin-top: 0px;border-width: 0px 0px 0px 0px;border-color:#eae9e9;border-style:solid;\" ><div class=\"fusion-builder-row fusion-row\"><div class=\"fusion-layout-column fusion_builder_column fusion-builder-column-0 fusion_builder_column_1_1 1_1 fusion-one-full fusion-column-first fusion-column-last\" style=\"margin-top:0px;margin-bottom:0px;\"><div class=\"fusion-column-wrapper fusion-flex-column-wrapper-legacy\" style=\"background-position:left top;background-repeat:no-repeat;-webkit-background-size:cover;-moz-background-size:cover;-o-background-size:cover;background-size:cover;padding: 0px 0px 0px 0px;\"><div class=\"fusion-image-carousel fusion-image-carousel-auto lightbox-enabled\"><div class=\"fusion-carousel\" data-autoplay=\"yes\" data-columns=\"3\" data-itemmargin=\"13\" data-itemwidth=\"180\" data-touchscroll=\"no\" data-imagesize=\"auto\"><div class=\"fusion-carousel-positioner\"><ul class=\"fusion-carousel-holder\"><li class=\"fusion-carousel-item\"><div class=\"fusion-carousel-item-wrapper\"><div class=\"fusion-image-wrapper hover-type-zoomin\"><a data-rel=\"iLightbox[image_carousel_1]\" href=\"http:\/\/www.hotelcentral.ba\/wp-content\/uploads\/2018\/10\/p01.jpg\" target=\"_self\"><img decoding=\"async\" src=\"http:\/\/www.hotelcentral.ba\/wp-content\/uploads\/2018\/10\/p01.jpg\" alt=\"\"\/><\/a><\/div><\/div><\/li><li class=\"fusion-carousel-item\"><div class=\"fusion-carousel-item-wrapper\"><div class=\"fusion-image-wrapper hover-type-zoomin\"><a data-rel=\"iLightbox[image_carousel_1]\" href=\"http:\/\/www.hotelcentral.ba\/wp-content\/uploads\/2018\/10\/p02.jpg\" target=\"_self\"><img decoding=\"async\" src=\"http:\/\/www.hotelcentral.ba\/wp-content\/uploads\/2018\/10\/p02.jpg\" alt=\"\"\/><\/a><\/div><\/div><\/li><li class=\"fusion-carousel-item\"><div class=\"fusion-carousel-item-wrapper\"><div class=\"fusion-image-wrapper hover-type-zoomin\"><a data-rel=\"iLightbox[image_carousel_1]\" href=\"http:\/\/www.hotelcentral.ba\/wp-content\/uploads\/2018\/10\/p03.jpg\" target=\"_self\"><img decoding=\"async\" src=\"http:\/\/www.hotelcentral.ba\/wp-content\/uploads\/2018\/10\/p03.jpg\" alt=\"\"\/><\/a><\/div><\/div><\/li><li class=\"fusion-carousel-item\"><div class=\"fusion-carousel-item-wrapper\"><div class=\"fusion-image-wrapper hover-type-zoomin\"><a data-rel=\"iLightbox[image_carousel_1]\" href=\"http:\/\/www.hotelcentral.ba\/wp-content\/uploads\/2018\/10\/p04.jpg\" target=\"_self\"><img decoding=\"async\" src=\"http:\/\/www.hotelcentral.ba\/wp-content\/uploads\/2018\/10\/p04.jpg\" alt=\"\"\/><\/a><\/div><\/div><\/li><li class=\"fusion-carousel-item\"><div class=\"fusion-carousel-item-wrapper\"><div class=\"fusion-image-wrapper hover-type-zoomin\"><a data-rel=\"iLightbox[image_carousel_1]\" href=\"http:\/\/www.hotelcentral.ba\/wp-content\/uploads\/2018\/10\/p05.jpg\" target=\"_self\"><img decoding=\"async\" src=\"http:\/\/www.hotelcentral.ba\/wp-content\/uploads\/2018\/10\/p05.jpg\" alt=\"\"\/><\/a><\/div><\/div><\/li><li class=\"fusion-carousel-item\"><div class=\"fusion-carousel-item-wrapper\"><div class=\"fusion-image-wrapper hover-type-zoomin\"><a data-rel=\"iLightbox[image_carousel_1]\" href=\"http:\/\/www.hotelcentral.ba\/wp-content\/uploads\/2018\/10\/p06.jpg\" target=\"_self\"><img decoding=\"async\" src=\"http:\/\/www.hotelcentral.ba\/wp-content\/uploads\/2018\/10\/p06.jpg\" alt=\"\"\/><\/a><\/div><\/div><\/li><li class=\"fusion-carousel-item\"><div class=\"fusion-carousel-item-wrapper\"><div class=\"fusion-image-wrapper hover-type-zoomin\"><a data-rel=\"iLightbox[image_carousel_1]\" href=\"http:\/\/www.hotelcentral.ba\/wp-content\/uploads\/2018\/10\/p07.jpg\" target=\"_self\"><img decoding=\"async\" src=\"http:\/\/www.hotelcentral.ba\/wp-content\/uploads\/2018\/10\/p07.jpg\" alt=\"\"\/><\/a><\/div><\/div><\/li><li class=\"fusion-carousel-item\"><div class=\"fusion-carousel-item-wrapper\"><div class=\"fusion-image-wrapper hover-type-zoomin\"><a data-rel=\"iLightbox[image_carousel_1]\" href=\"http:\/\/www.hotelcentral.ba\/wp-content\/uploads\/2018\/10\/p08.jpg\" target=\"_self\"><img decoding=\"async\" src=\"http:\/\/www.hotelcentral.ba\/wp-content\/uploads\/2018\/10\/p08.jpg\" alt=\"\"\/><\/a><\/div><\/div><\/li><li class=\"fusion-carousel-item\"><div class=\"fusion-carousel-item-wrapper\"><div class=\"fusion-image-wrapper hover-type-zoomin\"><a data-rel=\"iLightbox[image_carousel_1]\" href=\"http:\/\/www.hotelcentral.ba\/wp-content\/uploads\/2018\/10\/p09.jpg\" target=\"_self\"><img decoding=\"async\" src=\"http:\/\/www.hotelcentral.ba\/wp-content\/uploads\/2018\/10\/p09.jpg\" alt=\"\"\/><\/a><\/div><\/div><\/li><li class=\"fusion-carousel-item\"><div class=\"fusion-carousel-item-wrapper\"><div class=\"fusion-image-wrapper hover-type-zoomin\"><a data-rel=\"iLightbox[image_carousel_1]\" href=\"http:\/\/www.hotelcentral.ba\/wp-content\/uploads\/2018\/10\/p10.jpg\" target=\"_self\"><img decoding=\"async\" src=\"http:\/\/www.hotelcentral.ba\/wp-content\/uploads\/2018\/10\/p10.jpg\" alt=\"\"\/><\/a><\/div><\/div><\/li><li class=\"fusion-carousel-item\"><div class=\"fusion-carousel-item-wrapper\"><div class=\"fusion-image-wrapper hover-type-zoomin\"><a data-rel=\"iLightbox[image_carousel_1]\" href=\"http:\/\/www.hotelcentral.ba\/wp-content\/uploads\/2018\/10\/p11.jpg\" target=\"_self\"><img decoding=\"async\" src=\"http:\/\/www.hotelcentral.ba\/wp-content\/uploads\/2018\/10\/p11.jpg\" alt=\"\"\/><\/a><\/div><\/div><\/li><li class=\"fusion-carousel-item\"><div class=\"fusion-carousel-item-wrapper\"><div class=\"fusion-image-wrapper hover-type-zoomin\"><a data-rel=\"iLightbox[image_carousel_1]\" href=\"http:\/\/www.hotelcentral.ba\/wp-content\/uploads\/2018\/10\/p12.jpg\" target=\"_self\"><img decoding=\"async\" src=\"http:\/\/www.hotelcentral.ba\/wp-content\/uploads\/2018\/10\/p12.jpg\" alt=\"\"\/><\/a><\/div><\/div><\/li><li class=\"fusion-carousel-item\"><div class=\"fusion-carousel-item-wrapper\"><div class=\"fusion-image-wrapper hover-type-zoomin\"><a data-rel=\"iLightbox[image_carousel_1]\" href=\"http:\/\/www.hotelcentral.ba\/wp-content\/uploads\/2018\/10\/p13.jpg\" target=\"_self\"><img decoding=\"async\" src=\"http:\/\/www.hotelcentral.ba\/wp-content\/uploads\/2018\/10\/p13.jpg\" alt=\"\"\/><\/a><\/div><\/div><\/li><li class=\"fusion-carousel-item\"><div class=\"fusion-carousel-item-wrapper\"><div class=\"fusion-image-wrapper hover-type-zoomin\"><a data-rel=\"iLightbox[image_carousel_1]\" href=\"http:\/\/www.hotelcentral.ba\/wp-content\/uploads\/2018\/10\/p14.jpg\" target=\"_self\"><img decoding=\"async\" src=\"http:\/\/www.hotelcentral.ba\/wp-content\/uploads\/2018\/10\/p14.jpg\" alt=\"\"\/><\/a><\/div><\/div><\/li><\/ul><div class=\"fusion-carousel-nav\"><span class=\"fusion-nav-prev\"><\/span><span class=\"fusion-nav-next\"><\/span><\/div><\/div><\/div><\/div><div class=\"fusion-text fusion-text-1\" style=\"transform:translate3d(0,0,0);\"><p><strong>Veli\u010dina apartmana<\/strong>\u00a053 m\u00b2<\/p>\n<p>Elegantno ure\u0111eni Predsjedni\u010dki apartman se sastoji se od\u00a0odvojenog dnevnog boravka i spava\u0107e sobe sa visokim king size krevetom, prostrane kupaonice, sa dva WC-a, potpuno opremljene kuhinje i terase.<br \/>\nLijepo ure\u0111en apartman sa biranim komadima namje\u0161taja, odi\u0161e luksuzom i elegancijom\u00a0, kako bi Va\u0161 boravak bio \u0161to ugodniji, te \u0107e Vam omogu\u0107iti da u samom centru Sarajeva u\u017eivate na najbolji mogu\u0107i na\u010din.<br \/>\nPredsjedni\u010dki apartman nudi potpunu raznolikost za one goste koji tra\u017ee luksuznu udobnost, ali znaju cijeniti intimu i mir,rashla\u0111ena pi\u0107a i uvijek otvoreni kutak za kafu i \u010daj, sa mogu\u0107no\u0161\u0107u pripreme vlastitih obroka.<\/p>\n<p><strong>Sadr\u017eaji apartmana:<\/strong><\/p>\n<ul>\n<li>Sef<\/li>\n<li>Potpuno opremljena kuhinja<\/li>\n<li>TV ravnog ekrana<\/li>\n<li>Kablovski kanali<\/li>\n<li>Telefon<\/li>\n<li>Klima ure\u0111aj &#8211; grijanje\/hla\u0111enje<\/li>\n<li>Kafe ma\u0161ina za espresso kafu<\/li>\n<li>Stol za ru\u010dak<\/li>\n<li>Su\u0161ilo za kosu<\/li>\n<li>Pegla i daska za peglanje<\/li>\n<li>Radni stol<\/li>\n<li>Dva odvojena toaleta<\/li>\n<li>Kau\u010d\/sofa (za 2 osobe)<\/li>\n<li>Vlastita kupaonica \u2013 kada<\/li>\n<li>Terasa<\/li>\n<li>Ogrta\u010d i papu\u010de<\/li>\n<li>Usluga bu\u0111enja<\/li>\n<li>Kuhalo za vodu \u2013 kafa\/\u010daj<\/li>\n<li>Ormar<\/li>\n<li>Ru\u010dnici<\/li>\n<li>Besplatan WiFi<\/li>\n<\/ul>\n<p><div class=\"fusion-button-wrapper\">\n<style type=\"text\/css\">.fusion-button.button-1 {border-radius:0px;}<\/style>\n<p><a class=\"fusion-button button-flat button-large button-default button-1 fusion-button-default-span \" target=\"_blank\" rel=\"noopener noreferrer\" href=\"https:\/\/live.ipms247.com\/booking\/roomwisedata.php?hid=hotelcentralsarajevo&amp;roomtypeunkid=1801900000000000005&amp;selectedLang=-hr-Croatian\"><span class=\"fusion-button-text fusion-button-text-right\">REZERVIRAJTE ODMAH<\/span><span class=\"fusion-button-icon-divider button-icon-divider-right\"><i class=\" fa fa-angle-right\" aria-hidden=\"true\"><\/i><\/span><\/a><\/div>\n<\/p>\n<\/div><div class=\"fusion-clearfix\"><\/div><\/div><\/div><\/div><\/div>\n","protected":false},"excerpt":{"rendered":"","protected":false},"author":3,"featured_media":0,"parent":1880,"menu_order":0,"comment_status":"closed","ping_status":"closed","template":"","meta":{"footnotes":""},"_links":{"self":[{"href":"https:\/\/www.hotelcentral.ba\/bs\/wp-json\/wp\/v2\/pages\/2747"}],"collection":[{"href":"https:\/\/www.hotelcentral.ba\/bs\/wp-json\/wp\/v2\/pages"}],"about":[{"href":"https:\/\/www.hotelcentral.ba\/bs\/wp-json\/wp\/v2\/types\/page"}],"author":[{"embeddable":true,"href":"https:\/\/www.hotelcentral.ba\/bs\/wp-json\/wp\/v2\/users\/3"}],"replies":[{"embeddable":true,"href":"https:\/\/www.hotelcentral.ba\/bs\/wp-json\/wp\/v2\/comments?post=2747"}],"version-history":[{"count":9,"href":"https:\/\/www.hotelcentral.ba\/bs\/wp-json\/wp\/v2\/pages\/2747\/revisions"}],"predecessor-version":[{"id":3046,"href":"https:\/\/www.hotelcentral.ba\/bs\/wp-json\/wp\/v2\/pages\/2747\/revisions\/3046"}],"up":[{"embeddable":true,"href":"https:\/\/www.hotelcentral.ba\/bs\/wp-json\/wp\/v2\/pages\/1880"}],"wp:attachment":[{"href":"https:\/\/www.hotelcentral.ba\/bs\/wp-json\/wp\/v2\/media?parent=2747"}],"curies":[{"name":"wp","href":"https:\/\/api.w.org\/{rel}","templated":true}]}}