{"id":2752,"date":"2018-10-22T19:03:26","date_gmt":"2018-10-22T19:03:26","guid":{"rendered":"http:\/\/www.hotelcentral.ba\/rooms\/standard-twin-double\/"},"modified":"2020-03-13T09:53:36","modified_gmt":"2020-03-13T09:53:36","slug":"standardna-dvokrevetna-soba","status":"publish","type":"page","link":"https:\/\/www.hotelcentral.ba\/bs\/rooms\/standardna-dvokrevetna-soba\/","title":{"rendered":"Standardna dvokrevetna soba"},"content":{"rendered":"<div class=\"fusion-fullwidth fullwidth-box fusion-builder-row-1 nonhundred-percent-fullwidth non-hundred-percent-height-scrolling\" style=\"background-color: rgba(255,255,255,0);background-position: center center;background-repeat: no-repeat;padding-top:0px;padding-right:0px;padding-bottom:0px;padding-left:0px;margin-bottom: 0px;margin-top: 0px;border-width: 0px 0px 0px 0px;border-color:#eae9e9;border-style:solid;\" ><div class=\"fusion-builder-row fusion-row\"><div class=\"fusion-layout-column fusion_builder_column fusion-builder-column-0 fusion_builder_column_1_1 1_1 fusion-one-full fusion-column-first fusion-column-last\" style=\"margin-top:0px;margin-bottom:0px;\"><div class=\"fusion-column-wrapper fusion-flex-column-wrapper-legacy\" style=\"background-position:left top;background-repeat:no-repeat;-webkit-background-size:cover;-moz-background-size:cover;-o-background-size:cover;background-size:cover;padding: 0px 0px 0px 0px;\"><div class=\"fusion-image-carousel fusion-image-carousel-auto lightbox-enabled fusion-carousel-border\"><div class=\"fusion-carousel\" data-autoplay=\"yes\" data-columns=\"3\" data-itemmargin=\"13\" data-itemwidth=\"180\" data-touchscroll=\"no\" data-imagesize=\"auto\"><div class=\"fusion-carousel-positioner\"><ul class=\"fusion-carousel-holder\"><li class=\"fusion-carousel-item\"><div class=\"fusion-carousel-item-wrapper\"><div class=\"fusion-image-wrapper hover-type-zoomin\"><a data-rel=\"iLightbox[image_carousel_1]\" href=\"http:\/\/www.hotelcentral.ba\/wp-content\/uploads\/2018\/12\/st-dvo-01.jpg\" target=\"_self\"><img decoding=\"async\" src=\"http:\/\/www.hotelcentral.ba\/wp-content\/uploads\/2018\/12\/st-dvo-01.jpg\" alt=\"\"\/><\/a><\/div><\/div><\/li><li class=\"fusion-carousel-item\"><div class=\"fusion-carousel-item-wrapper\"><div class=\"fusion-image-wrapper hover-type-zoomin\"><a data-rel=\"iLightbox[image_carousel_1]\" href=\"http:\/\/www.hotelcentral.ba\/wp-content\/uploads\/2018\/10\/d01.jpg\" target=\"_self\"><img decoding=\"async\" src=\"http:\/\/www.hotelcentral.ba\/wp-content\/uploads\/2018\/10\/d01.jpg\" alt=\"\"\/><\/a><\/div><\/div><\/li><li class=\"fusion-carousel-item\"><div class=\"fusion-carousel-item-wrapper\"><div class=\"fusion-image-wrapper hover-type-zoomin\"><a data-rel=\"iLightbox[image_carousel_1]\" href=\"http:\/\/www.hotelcentral.ba\/wp-content\/uploads\/2018\/12\/st-dvo-02.jpg\" target=\"_self\"><img decoding=\"async\" src=\"http:\/\/www.hotelcentral.ba\/wp-content\/uploads\/2018\/12\/st-dvo-02.jpg\" alt=\"\"\/><\/a><\/div><\/div><\/li><li class=\"fusion-carousel-item\"><div class=\"fusion-carousel-item-wrapper\"><div class=\"fusion-image-wrapper hover-type-zoomin\"><a data-rel=\"iLightbox[image_carousel_1]\" href=\"http:\/\/www.hotelcentral.ba\/wp-content\/uploads\/2018\/12\/st-dvo-06.jpg\" target=\"_self\"><img decoding=\"async\" src=\"http:\/\/www.hotelcentral.ba\/wp-content\/uploads\/2018\/12\/st-dvo-06.jpg\" alt=\"\"\/><\/a><\/div><\/div><\/li><li class=\"fusion-carousel-item\"><div class=\"fusion-carousel-item-wrapper\"><div class=\"fusion-image-wrapper hover-type-zoomin\"><a data-rel=\"iLightbox[image_carousel_1]\" href=\"http:\/\/www.hotelcentral.ba\/wp-content\/uploads\/2018\/12\/st-dvo-05.jpg\" target=\"_self\"><img decoding=\"async\" src=\"http:\/\/www.hotelcentral.ba\/wp-content\/uploads\/2018\/12\/st-dvo-05.jpg\" alt=\"\"\/><\/a><\/div><\/div><\/li><\/ul><div class=\"fusion-carousel-nav\"><span class=\"fusion-nav-prev\"><\/span><span class=\"fusion-nav-next\"><\/span><\/div><\/div><\/div><\/div><div class=\"fusion-text fusion-text-1\" style=\"transform:translate3d(0,0,0);\"><p><strong>Veli\u010dina sobe<\/strong> 26 m\u00b2<\/p>\n<p>Soba ima TV ravnog ekrana sa kablovskim programima, kuhalo za pripremu kave\/\u010daja, mini bar, sef i prostranu kupaonicu. U sobi je dostupan besplatni be\u017ei\u010dni pristup internetu.<\/p>\n<p><strong>Sadr\u017eaji sobe:<\/strong><\/p>\n<ul>\n<li>Kuhalo za pripremu kafe\/\u010daja<\/li>\n<li>Minibar<\/li>\n<li>Sef<\/li>\n<li>TV ravnog ekrana<\/li>\n<li>Kablovski kanali<\/li>\n<li>Telefon<\/li>\n<li>Klima ure\u0111aj &#8211; grijanje\/hla\u0111enje<\/li>\n<li>Su\u0161ilo za kosu<\/li>\n<li>Pegla i daska za peglanje<\/li>\n<li>Ogrta\u010d i papu\u010de<\/li>\n<li>Radni stol<\/li>\n<li>Prostor za sjedenje<\/li>\n<li>Besplatan toaletni pribor<\/li>\n<li>WC<\/li>\n<li>Vlastita kupaonica \u2013 tu\u0161\/kada<\/li>\n<li>Usluga bu\u0111enja<\/li>\n<li>Ormar<\/li>\n<li>Ru\u010dnici<\/li>\n<li>Posteljina<\/li>\n<li>Besplatan WiFi<\/li>\n<\/ul>\n<p><div class=\"fusion-button-wrapper\">\n<style type=\"text\/css\">.fusion-button.button-1 {border-radius:0px;}<\/style>\n<p><a class=\"fusion-button button-flat button-large button-default button-1 fusion-button-default-span \" target=\"_blank\" rel=\"noopener noreferrer\" href=\"https:\/\/live.ipms247.com\/booking\/roomwisedata.php?hid=hotelcentralsarajevo&amp;roomtypeunkid=1801900000000000009&amp;selectedLang=-hr-Croatian\"><span class=\"fusion-button-text fusion-button-text-right\">REZERVIRAJTE ODMAH<\/span><span class=\"fusion-button-icon-divider button-icon-divider-right\"><i class=\" fa fa-angle-right\" aria-hidden=\"true\"><\/i><\/span><\/a><\/div>\n<\/p>\n<\/div><div class=\"fusion-clearfix\"><\/div><\/div><\/div><\/div><\/div>\n","protected":false},"excerpt":{"rendered":"","protected":false},"author":3,"featured_media":0,"parent":1880,"menu_order":0,"comment_status":"closed","ping_status":"closed","template":"","meta":{"footnotes":""},"_links":{"self":[{"href":"https:\/\/www.hotelcentral.ba\/bs\/wp-json\/wp\/v2\/pages\/2752"}],"collection":[{"href":"https:\/\/www.hotelcentral.ba\/bs\/wp-json\/wp\/v2\/pages"}],"about":[{"href":"https:\/\/www.hotelcentral.ba\/bs\/wp-json\/wp\/v2\/types\/page"}],"author":[{"embeddable":true,"href":"https:\/\/www.hotelcentral.ba\/bs\/wp-json\/wp\/v2\/users\/3"}],"replies":[{"embeddable":true,"href":"https:\/\/www.hotelcentral.ba\/bs\/wp-json\/wp\/v2\/comments?post=2752"}],"version-history":[{"count":13,"href":"https:\/\/www.hotelcentral.ba\/bs\/wp-json\/wp\/v2\/pages\/2752\/revisions"}],"predecessor-version":[{"id":3047,"href":"https:\/\/www.hotelcentral.ba\/bs\/wp-json\/wp\/v2\/pages\/2752\/revisions\/3047"}],"up":[{"embeddable":true,"href":"https:\/\/www.hotelcentral.ba\/bs\/wp-json\/wp\/v2\/pages\/1880"}],"wp:attachment":[{"href":"https:\/\/www.hotelcentral.ba\/bs\/wp-json\/wp\/v2\/media?parent=2752"}],"curies":[{"name":"wp","href":"https:\/\/api.w.org\/{rel}","templated":true}]}}